{"id":415,"date":"2024-11-15T10:20:33","date_gmt":"2024-11-15T10:20:33","guid":{"rendered":"https:\/\/wordpress.iqonic.design\/product\/wp\/streamit\/?page_id=415"},"modified":"2026-01-26T04:45:40","modified_gmt":"2026-01-26T04:45:40","slug":"terms-and-use","status":"publish","type":"page","link":"https:\/\/ricechanneltv.com\/en\/terms-and-use\/","title":{"rendered":"Terms and Use"},"content":{"rendered":"<div data-elementor-type=\"wp-page\" data-elementor-id=\"415\" class=\"elementor elementor-415\" data-elementor-post-type=\"page\">\n\t\t\t\t<div class=\"elementor-element elementor-element-9c66dfa e-flex e-con-boxed e-con e-parent\" data-id=\"9c66dfa\" data-element_type=\"container\">\n\t\t\t\t\t<div class=\"e-con-inner\">\n\t\t\t\t<div class=\"elementor-element elementor-element-b96dd73 elementor-widget elementor-widget-heading\" data-id=\"b96dd73\" data-element_type=\"widget\" data-widget_type=\"heading.default\">\n\t\t\t\t<div class=\"elementor-widget-container\">\n\t\t\t\t\t<h3 class=\"elementor-heading-title elementor-size-default\">\u0110I\u1ec0U KHO\u1ea2N D\u1ecaCH V\u1ee4 - TERMS OF SERVICE<\/h3>\t\t\t\t<\/div>\n\t\t\t\t<\/div>\n\t\t\t\t<div class=\"elementor-element elementor-element-b91696f elementor-widget elementor-widget-text-editor\" data-id=\"b91696f\" data-element_type=\"widget\" data-widget_type=\"text-editor.default\">\n\t\t\t\t<div class=\"elementor-widget-container\">\n\t\t\t\t\t\t\t\t\t<p data-path-to-node=\"4\">B\u1eb1ng vi\u1ec7c truy c\u1eadp website v\u00e0 s\u1eed d\u1ee5ng c\u00e1c d\u1ecbch v\u1ee5 c\u1ee7a ch\u00fang t\u00f4i, bao g\u1ed3m xem n\u1ed9i dung video v\u00e0 mua s\u1eafm c\u00e1c s\u1ea3n ph\u1ea9m Merch (nh\u01b0 s\u1ed5 tay Make A Statement), b\u1ea1n \u0111\u1ed3ng \u00fd tu\u00e2n th\u1ee7 c\u00e1c \u0111i\u1ec1u kho\u1ea3n d\u01b0\u1edbi \u0111\u00e2y:<\/p><h3 data-path-to-node=\"5\">1. Quy\u1ec1n s\u1edf h\u1eefu tr\u00ed tu\u1ec7<\/h3><ul data-path-to-node=\"6\"><li><p data-path-to-node=\"6,0,0\"><b data-path-to-node=\"6,0,0\" data-index-in-node=\"0\">N\u1ed9i dung Video:<\/b> T\u1ea5t c\u1ea3 video, h\u00ecnh \u1ea3nh v\u00e0 n\u1ed9i dung s\u00e1ng t\u1ea1o tr\u00ean website \u0111\u1ec1u thu\u1ed9c b\u1ea3n quy\u1ec1n c\u1ee7a <b data-path-to-node=\"6,0,0\" data-index-in-node=\"97\">RICE Channel<\/b>. B\u1ea1n kh\u00f4ng \u0111\u01b0\u1ee3c ph\u00e9p sao ch\u00e9p, t\u00e1i b\u1ea3n ho\u1eb7c s\u1eed d\u1ee5ng cho m\u1ee5c \u0111\u00edch th\u01b0\u01a1ng m\u1ea1i khi ch\u01b0a c\u00f3 s\u1ef1 \u0111\u1ed3ng \u00fd b\u1eb1ng v\u0103n b\u1ea3n.<\/p><\/li><li><p data-path-to-node=\"6,1,0\"><b data-path-to-node=\"6,1,0\" data-index-in-node=\"0\">Thi\u1ebft k\u1ebf s\u1ea3n ph\u1ea9m (Merch):<\/b> C\u00e1c thi\u1ebft k\u1ebf s\u1ea3n ph\u1ea9m \u0111\u1ed9c quy\u1ec1n l\u00e0 t\u00e0i s\u1ea3n tr\u00ed tu\u1ec7 c\u1ee7a ch\u00fang t\u00f4i. M\u1ecdi h\u00e0nh vi l\u00e0m gi\u1ea3, l\u00e0m nh\u00e1i s\u1ebd b\u1ecb x\u1eed l\u00fd theo quy \u0111\u1ecbnh ph\u00e1p lu\u1eadt.<\/p><\/li><\/ul><h3 data-path-to-node=\"7\">2. Quy \u0111\u1ecbnh v\u1ec1 mua h\u00e0ng v\u00e0 thanh to\u00e1n<\/h3><ul data-path-to-node=\"8\"><li><p data-path-to-node=\"8,0,0\"><b data-path-to-node=\"8,0,0\" data-index-in-node=\"0\">Gi\u00e1 c\u1ea3:<\/b> Gi\u00e1 s\u1ea3n ph\u1ea9m \u0111\u01b0\u1ee3c ni\u00eam y\u1ebft c\u00f4ng khai tr\u00ean website v\u00e0 c\u00f3 th\u1ec3 thay \u0111\u1ed5i t\u00f9y t\u1eebng th\u1eddi \u0111i\u1ec3m. Gi\u00e1 n\u00e0y ch\u01b0a bao g\u1ed3m ph\u00ed v\u1eadn chuy\u1ec3n (\u0111\u01b0\u1ee3c t\u00ednh ri\u00eang theo Ch\u00ednh s\u00e1ch v\u1eadn chuy\u1ec3n c\u1ee7a ch\u00fang t\u00f4i).<\/p><\/li><li><p data-path-to-node=\"8,1,0\"><b data-path-to-node=\"8,1,0\" data-index-in-node=\"0\">\u0110\u01a1n h\u00e0ng:<\/b> Ch\u00fang t\u00f4i c\u00f3 quy\u1ec1n t\u1eeb ch\u1ed1i ho\u1eb7c h\u1ee7y \u0111\u01a1n h\u00e0ng c\u1ee7a b\u1ea1n n\u1ebfu c\u00f3 nghi ng\u1edd v\u1ec1 h\u00e0nh vi gian l\u1eadn ho\u1eb7c sai s\u00f3t th\u00f4ng tin s\u1ea3n ph\u1ea9m\/gi\u00e1 c\u1ea3.<\/p><\/li><li><p data-path-to-node=\"8,2,0\"><b data-path-to-node=\"8,2,0\" data-index-in-node=\"0\">Thanh to\u00e1n:<\/b> Kh\u00e1ch h\u00e0ng c\u00f3 tr\u00e1ch nhi\u1ec7m thanh to\u00e1n \u0111\u1ea7y \u0111\u1ee7 gi\u00e1 tr\u1ecb \u0111\u01a1n h\u00e0ng th\u00f4ng qua c\u00e1c ph\u01b0\u01a1ng th\u1ee9c thanh to\u00e1n \u0111\u01b0\u1ee3c h\u1ed7 tr\u1ee3 tr\u00ean website.<\/p><\/li><\/ul><h3 data-path-to-node=\"9\">3. T\u00e0i kho\u1ea3n v\u00e0 N\u1ed9i dung ng\u01b0\u1eddi d\u00f9ng<\/h3><ul data-path-to-node=\"10\"><li><p data-path-to-node=\"10,0,0\"><b data-path-to-node=\"10,0,0\" data-index-in-node=\"0\">B\u00ecnh lu\u1eadn:<\/b> Khi \u0111\u1ec3 l\u1ea1i b\u00ecnh lu\u1eadn, b\u1ea1n ch\u1ecbu tr\u00e1ch nhi\u1ec7m v\u1ec1 n\u1ed9i dung m\u00ecnh \u0111\u0103ng t\u1ea3i. Ch\u00fang t\u00f4i thu th\u1eadp d\u1eef li\u1ec7u t\u1eeb bi\u1ec3u m\u1eabu b\u00ecnh lu\u1eadn v\u00e0 \u0111\u1ecba ch\u1ec9 IP \u0111\u1ec3 h\u1ed7 tr\u1ee3 ki\u1ec3m so\u00e1t th\u01b0 r\u00e1c.<\/p><\/li><li><p data-path-to-node=\"10,1,0\"><b data-path-to-node=\"10,1,0\" data-index-in-node=\"0\">H\u00ecnh \u1ea3nh t\u1ea3i l\u00ean:<\/b> N\u1ebfu b\u1ea1n t\u1ea3i \u1ea3nh l\u00ean website, h\u00e3y \u0111\u1ea3m b\u1ea3o \u1ea3nh kh\u00f4ng ch\u1ee9a d\u1eef li\u1ec7u v\u1ecb tr\u00ed (EXIF GPS) \u0111\u1ec3 b\u1ea3o v\u1ec7 quy\u1ec1n ri\u00eang t\u01b0 c\u00e1 nh\u00e2n.<\/p><\/li><li><p data-path-to-node=\"10,2,0\"><b data-path-to-node=\"10,2,0\" data-index-in-node=\"0\">B\u1ea3o m\u1eadt t\u00e0i kho\u1ea3n:<\/b> B\u1ea1n c\u00f3 tr\u00e1ch nhi\u1ec7m b\u1ea3o m\u1eadt th\u00f4ng tin \u0111\u0103ng nh\u1eadp c\u1ee7a m\u00ecnh. Ch\u00fang t\u00f4i s\u1eed d\u1ee5ng Cookie \u0111\u1ec3 l\u01b0u tr\u1eef th\u00f4ng tin \u0111\u0103ng nh\u1eadp v\u00e0 c\u00e1c t\u00f9y ch\u1ecdn hi\u1ec3n th\u1ecb c\u1ee7a b\u1ea1n \u0111\u1ec3 mang l\u1ea1i tr\u1ea3i nghi\u1ec7m thu\u1eadn ti\u1ec7n h\u01a1n.<\/p><\/li><\/ul><h3 data-path-to-node=\"11\">4. N\u1ed9i dung nh\u00fang t\u1eeb b\u00ean th\u1ee9 ba<\/h3><ul data-path-to-node=\"12\"><li><p data-path-to-node=\"12,0,0\">C\u00e1c b\u00e0i vi\u1ebft tr\u00ean trang c\u00f3 th\u1ec3 bao g\u1ed3m n\u1ed9i dung nh\u00fang (v\u00ed d\u1ee5: video t\u1eeb YouTube, h\u00ecnh \u1ea3nh&#8230;). Nh\u1eefng n\u1ed9i dung n\u00e0y ho\u1ea1t \u0111\u1ed9ng gi\u1ed1ng h\u1ec7t nh\u01b0 khi b\u1ea1n truy c\u1eadp tr\u1ef1c ti\u1ebfp v\u00e0o trang web c\u1ee7a b\u00ean th\u1ee9 ba \u0111\u00f3 v\u00e0 h\u1ecd c\u00f3 th\u1ec3 thu th\u1eadp d\u1eef li\u1ec7u v\u1ec1 b\u1ea1n theo ch\u00ednh s\u00e1ch ri\u00eang c\u1ee7a h\u1ecd.<\/p><\/li><\/ul><h3 data-path-to-node=\"13\">5. Gi\u1edbi h\u1ea1n tr\u00e1ch nhi\u1ec7m<\/h3><ul data-path-to-node=\"14\"><li><p data-path-to-node=\"14,0,0\">RICE Channel kh\u00f4ng ch\u1ecbu tr\u00e1ch nhi\u1ec7m v\u1ec1 c\u00e1c thi\u1ec7t h\u1ea1i gi\u00e1n ti\u1ebfp ph\u00e1t sinh t\u1eeb vi\u1ec7c s\u1eed d\u1ee5ng website ho\u1eb7c do l\u1ed7i c\u1ee7a \u0111\u01a1n v\u1ecb v\u1eadn chuy\u1ec3n b\u00ean th\u1ee9 ba.<\/p><\/li><li><p data-path-to-node=\"14,1,0\">Ch\u00fang t\u00f4i n\u1ed7 l\u1ef1c \u0111\u1ea3m b\u1ea3o website ho\u1ea1t \u0111\u1ed9ng \u1ed5n \u0111\u1ecbnh nh\u01b0ng kh\u00f4ng cam k\u1ebft website s\u1ebd kh\u00f4ng c\u00f3 l\u1ed7i k\u1ef9 thu\u1eadt ho\u1eb7c b\u1ecb gi\u00e1n \u0111o\u1ea1n ngo\u00e0i \u00fd mu\u1ed1n.<\/p><\/li><\/ul><h3 data-path-to-node=\"15\">6. Quy\u1ec1n c\u1ee7a ng\u01b0\u1eddi d\u00f9ng \u0111\u1ed1i v\u1edbi d\u1eef li\u1ec7u<\/h3><ul data-path-to-node=\"16\"><li><p data-path-to-node=\"16,0,0\">N\u1ebfu b\u1ea1n c\u00f3 t\u00e0i kho\u1ea3n ho\u1eb7c \u0111\u1ec3 l\u1ea1i b\u00ecnh lu\u1eadn, b\u1ea1n c\u00f3 quy\u1ec1n y\u00eau c\u1ea7u nh\u1eadn t\u1ec7p xu\u1ea5t d\u1eef li\u1ec7u c\u00e1 nh\u00e2n m\u00e0 ch\u00fang t\u00f4i l\u01b0u gi\u1eef ho\u1eb7c y\u00eau c\u1ea7u x\u00f3a b\u1ecf d\u1eef li\u1ec7u \u0111\u00f3 (tr\u1eeb c\u00e1c d\u1eef li\u1ec7u ch\u00fang t\u00f4i c\u00f3 ngh\u0129a v\u1ee5 gi\u1eef l\u1ea1i cho m\u1ee5c \u0111\u00edch h\u00e0nh ch\u00ednh, ph\u00e1p l\u00fd ho\u1eb7c b\u1ea3o m\u1eadt).<\/p><\/li><\/ul>\t\t\t\t\t\t\t\t<\/div>\n\t\t\t\t<\/div>\n\t\t\t\t\t<\/div>\n\t\t\t\t<\/div>\n\t\t\t\t<\/div>","protected":false},"excerpt":{"rendered":"<p>\u0110I\u1ec0U KHO\u1ea2N D\u1ecaCH V\u1ee4 &#8211; TERMS OF SERVICE B\u1eb1ng vi\u1ec7c truy c\u1eadp website v\u00e0 s\u1eed d\u1ee5ng c\u00e1c d\u1ecbch v\u1ee5 c\u1ee7a ch\u00fang t\u00f4i, bao g\u1ed3m xem n\u1ed9i dung video v\u00e0 mua s\u1eafm c\u00e1c s\u1ea3n ph\u1ea9m Merch (nh\u01b0 s\u1ed5 tay Make A Statement), b\u1ea1n \u0111\u1ed3ng \u00fd tu\u00e2n th\u1ee7 c\u00e1c \u0111i\u1ec1u kho\u1ea3n d\u01b0\u1edbi \u0111\u00e2y: 1. Quy\u1ec1n s\u1edf h\u1eefu [&hellip;]<\/p>","protected":false},"author":1,"featured_media":0,"parent":0,"menu_order":0,"comment_status":"closed","ping_status":"closed","template":"","meta":{"footnotes":""},"class_list":["post-415","page","type-page","status-publish","hentry"],"yoast_head":"<!-- This site is optimized with the Yoast SEO plugin v24.9 - https:\/\/yoast.com\/wordpress\/plugins\/seo\/ -->\n<title>Terms and Use - Rice Channel TV<\/title>\n<meta name=\"robots\" content=\"index, follow, max-snippet:-1, max-image-preview:large, max-video-preview:-1\" \/>\n<link rel=\"canonical\" href=\"https:\/\/ricechanneltv.com\/en\/terms-and-use\/\" \/>\n<meta property=\"og:locale\" content=\"en_US\" \/>\n<meta property=\"og:type\" content=\"article\" \/>\n<meta property=\"og:title\" content=\"Terms and Use - Rice Channel TV\" \/>\n<meta property=\"og:description\" content=\"\u0110I\u1ec0U KHO\u1ea2N D\u1ecaCH V\u1ee4 &#8211; TERMS OF SERVICE B\u1eb1ng vi\u1ec7c truy c\u1eadp website v\u00e0 s\u1eed d\u1ee5ng c\u00e1c d\u1ecbch v\u1ee5 c\u1ee7a ch\u00fang t\u00f4i, bao g\u1ed3m xem n\u1ed9i dung video v\u00e0 mua s\u1eafm c\u00e1c s\u1ea3n ph\u1ea9m Merch (nh\u01b0 s\u1ed5 tay Make A Statement), b\u1ea1n \u0111\u1ed3ng \u00fd tu\u00e2n th\u1ee7 c\u00e1c \u0111i\u1ec1u kho\u1ea3n d\u01b0\u1edbi \u0111\u00e2y: 1. Quy\u1ec1n s\u1edf h\u1eefu [&hellip;]\" \/>\n<meta property=\"og:url\" content=\"https:\/\/ricechanneltv.com\/en\/terms-and-use\/\" \/>\n<meta property=\"og:site_name\" content=\"Rice Channel TV\" \/>\n<meta property=\"article:modified_time\" content=\"2026-01-26T04:45:40+00:00\" \/>\n<meta name=\"twitter:card\" content=\"summary_large_image\" \/>\n<meta name=\"twitter:label1\" content=\"Est. reading time\" \/>\n\t<meta name=\"twitter:data1\" content=\"3 minutes\" \/>\n<script type=\"application\/ld+json\" class=\"yoast-schema-graph\">{\"@context\":\"https:\/\/schema.org\",\"@graph\":[{\"@type\":\"WebPage\",\"@id\":\"https:\/\/ricechanneltv.com\/terms-and-use\/\",\"url\":\"https:\/\/ricechanneltv.com\/terms-and-use\/\",\"name\":\"Terms and Use - Rice Channel TV\",\"isPartOf\":{\"@id\":\"https:\/\/www.ricechanneltv.com\/en\/#website\"},\"datePublished\":\"2024-11-15T10:20:33+00:00\",\"dateModified\":\"2026-01-26T04:45:40+00:00\",\"breadcrumb\":{\"@id\":\"https:\/\/ricechanneltv.com\/terms-and-use\/#breadcrumb\"},\"inLanguage\":\"en-US\",\"potentialAction\":[{\"@type\":\"ReadAction\",\"target\":[\"https:\/\/ricechanneltv.com\/terms-and-use\/\"]}]},{\"@type\":\"BreadcrumbList\",\"@id\":\"https:\/\/ricechanneltv.com\/terms-and-use\/#breadcrumb\",\"itemListElement\":[{\"@type\":\"ListItem\",\"position\":1,\"name\":\"Home\",\"item\":\"https:\/\/ricechanneltv.com\/\"},{\"@type\":\"ListItem\",\"position\":2,\"name\":\"Terms and Use\"}]},{\"@type\":\"WebSite\",\"@id\":\"https:\/\/www.ricechanneltv.com\/en\/#website\",\"url\":\"https:\/\/www.ricechanneltv.com\/en\/\",\"name\":\"Rice Channel TV\",\"description\":\"\",\"potentialAction\":[{\"@type\":\"SearchAction\",\"target\":{\"@type\":\"EntryPoint\",\"urlTemplate\":\"https:\/\/www.ricechanneltv.com\/en\/?s={search_term_string}\"},\"query-input\":{\"@type\":\"PropertyValueSpecification\",\"valueRequired\":true,\"valueName\":\"search_term_string\"}}],\"inLanguage\":\"en-US\"}]}<\/script>\n<!-- \/ Yoast SEO plugin. -->","yoast_head_json":{"title":"Terms and Use - Rice Channel TV","robots":{"index":"index","follow":"follow","max-snippet":"max-snippet:-1","max-image-preview":"max-image-preview:large","max-video-preview":"max-video-preview:-1"},"canonical":"https:\/\/ricechanneltv.com\/en\/terms-and-use\/","og_locale":"en_US","og_type":"article","og_title":"Terms and Use - Rice Channel TV","og_description":"\u0110I\u1ec0U KHO\u1ea2N D\u1ecaCH V\u1ee4 &#8211; TERMS OF SERVICE B\u1eb1ng vi\u1ec7c truy c\u1eadp website v\u00e0 s\u1eed d\u1ee5ng c\u00e1c d\u1ecbch v\u1ee5 c\u1ee7a ch\u00fang t\u00f4i, bao g\u1ed3m xem n\u1ed9i dung video v\u00e0 mua s\u1eafm c\u00e1c s\u1ea3n ph\u1ea9m Merch (nh\u01b0 s\u1ed5 tay Make A Statement), b\u1ea1n \u0111\u1ed3ng \u00fd tu\u00e2n th\u1ee7 c\u00e1c \u0111i\u1ec1u kho\u1ea3n d\u01b0\u1edbi \u0111\u00e2y: 1. Quy\u1ec1n s\u1edf h\u1eefu [&hellip;]","og_url":"https:\/\/ricechanneltv.com\/en\/terms-and-use\/","og_site_name":"Rice Channel TV","article_modified_time":"2026-01-26T04:45:40+00:00","twitter_card":"summary_large_image","twitter_misc":{"Est. reading time":"3 minutes"},"schema":{"@context":"https:\/\/schema.org","@graph":[{"@type":"WebPage","@id":"https:\/\/ricechanneltv.com\/terms-and-use\/","url":"https:\/\/ricechanneltv.com\/terms-and-use\/","name":"Terms and Use - Rice Channel TV","isPartOf":{"@id":"https:\/\/www.ricechanneltv.com\/en\/#website"},"datePublished":"2024-11-15T10:20:33+00:00","dateModified":"2026-01-26T04:45:40+00:00","breadcrumb":{"@id":"https:\/\/ricechanneltv.com\/terms-and-use\/#breadcrumb"},"inLanguage":"en-US","potentialAction":[{"@type":"ReadAction","target":["https:\/\/ricechanneltv.com\/terms-and-use\/"]}]},{"@type":"BreadcrumbList","@id":"https:\/\/ricechanneltv.com\/terms-and-use\/#breadcrumb","itemListElement":[{"@type":"ListItem","position":1,"name":"Home","item":"https:\/\/ricechanneltv.com\/"},{"@type":"ListItem","position":2,"name":"Terms and Use"}]},{"@type":"WebSite","@id":"https:\/\/www.ricechanneltv.com\/en\/#website","url":"https:\/\/www.ricechanneltv.com\/en\/","name":"Rice Channel TV","description":"","potentialAction":[{"@type":"SearchAction","target":{"@type":"EntryPoint","urlTemplate":"https:\/\/www.ricechanneltv.com\/en\/?s={search_term_string}"},"query-input":{"@type":"PropertyValueSpecification","valueRequired":true,"valueName":"search_term_string"}}],"inLanguage":"en-US"}]}},"_links":{"self":[{"href":"https:\/\/ricechanneltv.com\/en\/wp-json\/wp\/v2\/pages\/415","targetHints":{"allow":["GET"]}}],"collection":[{"href":"https:\/\/ricechanneltv.com\/en\/wp-json\/wp\/v2\/pages"}],"about":[{"href":"https:\/\/ricechanneltv.com\/en\/wp-json\/wp\/v2\/types\/page"}],"author":[{"embeddable":true,"href":"https:\/\/ricechanneltv.com\/en\/wp-json\/wp\/v2\/users\/1"}],"replies":[{"embeddable":true,"href":"https:\/\/ricechanneltv.com\/en\/wp-json\/wp\/v2\/comments?post=415"}],"version-history":[{"count":3,"href":"https:\/\/ricechanneltv.com\/en\/wp-json\/wp\/v2\/pages\/415\/revisions"}],"predecessor-version":[{"id":5558,"href":"https:\/\/ricechanneltv.com\/en\/wp-json\/wp\/v2\/pages\/415\/revisions\/5558"}],"wp:attachment":[{"href":"https:\/\/ricechanneltv.com\/en\/wp-json\/wp\/v2\/media?parent=415"}],"curies":[{"name":"wp","href":"https:\/\/api.w.org\/{rel}","templated":true}]}}