{"id":5078,"date":"2024-11-20T04:34:24","date_gmt":"2024-11-20T04:34:24","guid":{"rendered":"https:\/\/ricechanneltv.com\/bien-tap\/"},"modified":"2024-11-20T04:34:24","modified_gmt":"2024-11-20T04:34:24","slug":"bien-tap","status":"publish","type":"page","link":"https:\/\/ricechanneltv.com\/en\/bien-tap\/","title":{"rendered":"Editorial"},"content":{"rendered":"<div data-elementor-type=\"wp-page\" data-elementor-id=\"5078\" class=\"elementor elementor-5078\" data-elementor-post-type=\"page\">\n\t\t\t\t<div class=\"elementor-element elementor-element-cab005e e-flex e-con-boxed e-con e-parent\" data-id=\"cab005e\" data-element_type=\"container\">\n\t\t\t\t\t<div class=\"e-con-inner\">\n\t\t<div class=\"elementor-element elementor-element-6297665 e-con-full e-flex e-con e-child\" data-id=\"6297665\" data-element_type=\"container\">\n\t\t\t\t<div class=\"elementor-element elementor-element-4c9e798 elementor-widget elementor-widget-css_prefix-blog\" data-id=\"4c9e798\" data-element_type=\"widget\" data-widget_type=\"css_prefix-blog.default\">\n\t\t\t\t<div class=\"elementor-widget-container\">\n\t\t\t\t\t    <div class=\"data-listing row gy-5 row-cols-1 row-cols-sm-2 row-cols-md-2 row-cols-lg-2\">\n                    \n<div class=\"col\">\n    <div class=\"css_prefix-blog-box blog-widget\">\n\n        <!-- Blog Image -->\n                    <div class=\"css_prefix-blog-media\">\n                                    <img loading=\"lazy\" width=\"2560\" height=\"1440\" src=\"https:\/\/ricechanneltv.com\/wp-content\/uploads\/2025\/03\/h-41.webp\" class=\"post-img\" alt=\"Junk or Treasure: Epilogue\" decoding=\"async\" \/>\n                            <\/div>\n        \n        <!-- Blog Details -->\n        <div class=\"css_prefix-blog-detail\">\n            <div class=\"css_prefix-blog-meta\">\n                <ul class=\"list-inline\">\n                    <li class=\"posted-by\">\n                        <span class=\"post-author\">\n                            <i class=\"icon-user\" aria-hidden=\"true\"><\/i>                            <a href=\"https:\/\/ricechanneltv.com\/en\/author\/admin\/\">\n                                admin                            <\/a>\n                        <\/span>\n                    <\/li>\n                    <!-- Post Date -->\n                                            <li class=\"posted-on\">\n                            <span class=\"post-date\">\n                                <i class=\"icon-calendar-2\" aria-hidden=\"true\"><\/i>                                <a href=\"https:\/\/ricechanneltv.com\/en\/2025\/03\/17\/\" rel=\"bookmark\">\n                                    March 17, 2025                                <\/a>\n                            <\/span>\n                        <\/li>\n                                    <\/ul>\n            <\/div>\n            <!-- Blog Title -->\n            <div class=\"blog-title\">\n                <h4 class=\"entry-title\">\n                    <a href=\"https:\/\/ricechanneltv.com\/en\/junk-or-treasure-epilogue\/\">\n                        Junk or Treasure: Epilogue                    <\/a>\n                <\/h4>\n            <\/div>\n\n            <!-- Blog Excerpt -->\n                            <p class=\"line-count-3\">It all begins with fascination \u2013 the feeling that draws someone to an object. To some, it could be the musty smell of yellowed paperbacks spilling off the shelves in a secondhand bookstore; to others, it could be the storefront of a watch shop, with watches kept in plastic boxes coated with a thin layer [&hellip;]<\/p>\n            \n            <!-- Read More Button -->\n                            <a class=\"btn btn-link\" href=\"https:\/\/ricechanneltv.com\/en\/junk-or-treasure-epilogue\/\">\n                    <span class=\"d-flex align-items-center justify-content-center gap-1\">\n                        <span>Read More<\/span>\n                        <span><i class=\"icon-arrow-right\" aria-hidden=\"true\"><\/i><\/span>\n                    <\/span>\n                <\/a>\n                    <\/div>\n    <\/div>\n<\/div>                    \n<div class=\"col\">\n    <div class=\"css_prefix-blog-box blog-widget\">\n\n        <!-- Blog Image -->\n                    <div class=\"css_prefix-blog-media\">\n                                    <img loading=\"lazy\" width=\"1920\" height=\"1080\" src=\"https:\/\/ricechanneltv.com\/wp-content\/uploads\/2025\/03\/h-9.webp\" class=\"post-img\" alt=\"Livable:Lovable City\" decoding=\"async\" \/>\n                            <\/div>\n        \n        <!-- Blog Details -->\n        <div class=\"css_prefix-blog-detail\">\n            <div class=\"css_prefix-blog-meta\">\n                <ul class=\"list-inline\">\n                    <li class=\"posted-by\">\n                        <span class=\"post-author\">\n                            <i class=\"icon-user\" aria-hidden=\"true\"><\/i>                            <a href=\"https:\/\/ricechanneltv.com\/en\/author\/admin\/\">\n                                admin                            <\/a>\n                        <\/span>\n                    <\/li>\n                    <!-- Post Date -->\n                                            <li class=\"posted-on\">\n                            <span class=\"post-date\">\n                                <i class=\"icon-calendar-2\" aria-hidden=\"true\"><\/i>                                <a href=\"https:\/\/ricechanneltv.com\/en\/2025\/03\/17\/\" rel=\"bookmark\">\n                                    March 17, 2025                                <\/a>\n                            <\/span>\n                        <\/li>\n                                    <\/ul>\n            <\/div>\n            <!-- Blog Title -->\n            <div class=\"blog-title\">\n                <h4 class=\"entry-title\">\n                    <a href=\"https:\/\/ricechanneltv.com\/en\/livablelovable-city\/\">\n                        Livable:Lovable City                    <\/a>\n                <\/h4>\n            <\/div>\n\n            <!-- Blog Excerpt -->\n                            <p class=\"line-count-3\">There is a quiet ticking clock in Ho Chi Minh City, whose sound has grown more and more alarming inrecent years. A biological one, it is: as not enough babies are being born, recent data show, toreplace its aging population. It will soon be the cause of disruptions in the city\u2019s economicdevelopment and an array [&hellip;]<\/p>\n            \n            <!-- Read More Button -->\n                            <a class=\"btn btn-link\" href=\"https:\/\/ricechanneltv.com\/en\/livablelovable-city\/\">\n                    <span class=\"d-flex align-items-center justify-content-center gap-1\">\n                        <span>Read More<\/span>\n                        <span><i class=\"icon-arrow-right\" aria-hidden=\"true\"><\/i><\/span>\n                    <\/span>\n                <\/a>\n                    <\/div>\n    <\/div>\n<\/div>                    \n<div class=\"col\">\n    <div class=\"css_prefix-blog-box blog-widget\">\n\n        <!-- Blog Image -->\n                    <div class=\"css_prefix-blog-media\">\n                                    <img loading=\"lazy\" width=\"1920\" height=\"1080\" src=\"https:\/\/ricechanneltv.com\/wp-content\/uploads\/2025\/03\/h-4_1.webp\" class=\"post-img\" alt=\"Junk or Treasure: The Beetle Boy\" decoding=\"async\" \/>\n                            <\/div>\n        \n        <!-- Blog Details -->\n        <div class=\"css_prefix-blog-detail\">\n            <div class=\"css_prefix-blog-meta\">\n                <ul class=\"list-inline\">\n                    <li class=\"posted-by\">\n                        <span class=\"post-author\">\n                            <i class=\"icon-user\" aria-hidden=\"true\"><\/i>                            <a href=\"https:\/\/ricechanneltv.com\/en\/author\/admin\/\">\n                                admin                            <\/a>\n                        <\/span>\n                    <\/li>\n                    <!-- Post Date -->\n                                            <li class=\"posted-on\">\n                            <span class=\"post-date\">\n                                <i class=\"icon-calendar-2\" aria-hidden=\"true\"><\/i>                                <a href=\"https:\/\/ricechanneltv.com\/en\/2025\/03\/17\/\" rel=\"bookmark\">\n                                    March 17, 2025                                <\/a>\n                            <\/span>\n                        <\/li>\n                                    <\/ul>\n            <\/div>\n            <!-- Blog Title -->\n            <div class=\"blog-title\">\n                <h4 class=\"entry-title\">\n                    <a href=\"https:\/\/ricechanneltv.com\/en\/junk-or-treasure-the-beetle-boy\/\">\n                        Junk or Treasure: The Beetle Boy                    <\/a>\n                <\/h4>\n            <\/div>\n\n            <!-- Blog Excerpt -->\n                            <p class=\"line-count-3\">The boy who collects bugs and his journey to spread the beauty of nature to the community Nguyen Huynh Anh Kiet &#8211; a young insect collector, started learning about bug collection in 2015. Currently, his collection has reached 200 specimens, mainly including horn beetles and beetles. Accompanying RICE in the first Junk or Treasure event, [&hellip;]<\/p>\n            \n            <!-- Read More Button -->\n                            <a class=\"btn btn-link\" href=\"https:\/\/ricechanneltv.com\/en\/junk-or-treasure-the-beetle-boy\/\">\n                    <span class=\"d-flex align-items-center justify-content-center gap-1\">\n                        <span>Read More<\/span>\n                        <span><i class=\"icon-arrow-right\" aria-hidden=\"true\"><\/i><\/span>\n                    <\/span>\n                <\/a>\n                    <\/div>\n    <\/div>\n<\/div>                    <\/div>\n\n    <!-- Pagination -->\n    \n    \n\t\t\t\t<\/div>\n\t\t\t\t<\/div>\n\t\t\t\t<\/div>\n\t\t<div class=\"elementor-element elementor-element-02ea938 e-con-full e-flex e-con e-child\" data-id=\"02ea938\" data-element_type=\"container\">\n\t\t\t\t<div class=\"elementor-element elementor-element-46260ab elementor-widget elementor-widget-sidebar\" data-id=\"46260ab\" data-element_type=\"widget\" data-widget_type=\"sidebar.default\">\n\t\t\t\t<div class=\"elementor-widget-container\">\n\t\t\t\t\t<div id=\"block-7\" class=\"widget widget_block widget_search\"><form role=\"search\" method=\"get\" action=\"https:\/\/ricechanneltv.com\/en\/\" class=\"wp-block-search__button-inside wp-block-search__icon-button wp-block-search\" data-trp-original-action=\"https:\/\/ricechanneltv.com\/en\/\"    ><label class=\"wp-block-search__label screen-reader-text\" for=\"wp-block-search__input-1\" >Search<\/label><div class=\"wp-block-search__inside-wrapper\" ><input class=\"wp-block-search__input\" id=\"wp-block-search__input-1\" placeholder=\"Search\" value=\"\" type=\"search\" name=\"s\" required \/><button aria-label=\"Search\" class=\"wp-block-search__button has-icon wp-element-button\" type=\"submit\" ><svg class=\"search-icon\" viewbox=\"0 0 24 24\" width=\"24\" height=\"24\">\n\t\t\t\t\t<path d=\"M13 5c-3.3 0-6 2.7-6 6 0 1.4.5 2.7 1.3 3.7l-3.8 3.8 1.1 1.1 3.8-3.8c1 .8 2.3 1.3 3.7 1.3 3.3 0 6-2.7 6-6S16.3 5 13 5zm0 10.5c-2.5 0-4.5-2-4.5-4.5s2-4.5 4.5-4.5 4.5 2 4.5 4.5-2 4.5-4.5 4.5z\"><\/path>\n\t\t\t\t<\/svg><\/button><\/div><input type=\"hidden\" name=\"trp-form-language\" value=\"en\"\/><\/form><\/div><div id=\"block-8\" class=\"widget widget_block\"><div class=\"wp-block-group\"><div class=\"wp-block-group__inner-container is-layout-constrained wp-block-group-is-layout-constrained\"><h5 class=\"wp-block-heading\">Categories<\/h5>\n\n<ul class=\"wp-block-categories-list wp-block-categories\">\t<li class=\"cat-item cat-item-20\"><a href=\"https:\/\/ricechanneltv.com\/en\/category\/project-features\/\">Project Features<\/a>\n<\/li>\n<\/ul><\/div><\/div><\/div><div id=\"block-15\" class=\"widget widget_block\"><div class=\"wp-block-group\"><div class=\"wp-block-group__inner-container is-layout-flow wp-block-group-is-layout-flow\"><h2 class=\"wp-block-heading\">Recent posts<\/h2>\n\n<ul class=\"wp-block-latest-posts__list wp-block-latest-posts\"><li><div class=\"wp-block-latest-posts__featured-image\"><img fetchpriority=\"high\" decoding=\"async\" width=\"2560\" height=\"1440\" src=\"https:\/\/ricechanneltv.com\/wp-content\/uploads\/2025\/03\/h-41.webp\" class=\"attachment-large size-large wp-post-image\" alt=\"\" style=\"\" \/><\/div><a class=\"wp-block-latest-posts__post-title\" href=\"https:\/\/ricechanneltv.com\/en\/junk-or-treasure-epilogue\/\">Junk or Treasure: Epilogue<\/a><\/li>\n<li><div class=\"wp-block-latest-posts__featured-image\"><img loading=\"lazy\" decoding=\"async\" width=\"1920\" height=\"1080\" src=\"https:\/\/ricechanneltv.com\/wp-content\/uploads\/2025\/03\/h-9.webp\" class=\"attachment-large size-large wp-post-image\" alt=\"\" style=\"\" \/><\/div><a class=\"wp-block-latest-posts__post-title\" href=\"https:\/\/ricechanneltv.com\/en\/livablelovable-city\/\">Livable:Lovable City<\/a><\/li>\n<li><div class=\"wp-block-latest-posts__featured-image\"><img loading=\"lazy\" decoding=\"async\" width=\"1920\" height=\"1080\" src=\"https:\/\/ricechanneltv.com\/wp-content\/uploads\/2025\/03\/h-4_1.webp\" class=\"attachment-large size-large wp-post-image\" alt=\"\" style=\"\" \/><\/div><a class=\"wp-block-latest-posts__post-title\" href=\"https:\/\/ricechanneltv.com\/en\/junk-or-treasure-the-beetle-boy\/\">Junk or Treasure: The Beetle Boy<\/a><\/li>\n<\/ul><\/div><\/div><\/div><div id=\"block-9\" class=\"widget widget_block\"><div class=\"wp-block-group\"><div class=\"wp-block-group__inner-container is-layout-constrained wp-block-group-is-layout-constrained\"><h5 class=\"wp-block-heading\">Tags<\/h5>\n\n<p class=\"wp-block-tag-cloud\">There&#8217;s no content to show here yet.<\/p><\/div><\/div><\/div><div id=\"streamit_social_media-1\" class=\"widget widget_streamit_social_media\"><h5 class=\"widget-title\"> <span>  Follow us <\/span><\/h5>\n    <div class=\"css_prefix-share\">\n        <ul class=\"m-0 d-inline\">\n            <li class=\"d-inline-block list-inline-item\"><a target=\"_blank\" href=\"https:\/\/www.facebook.com\/ricechanneltv\"><i class=\"icon-facebook-share\"><\/i><\/a><\/li><li class=\"d-inline-block list-inline-item\"><a target=\"_blank\" href=\"https:\/\/www.instagram.com\/ricechanneltv\/\"><i class=\"icon-instagram-share\"><\/i><\/a><\/li><li class=\"d-inline-block list-inline-item\"><a target=\"_blank\" href=\"https:\/\/www.youtube.com\/@RICEchanneltv\"><i class=\"icon-youtube-play-share\"><\/i><\/a><\/li><li class=\"d-inline-block list-inline-item\"><a target=\"_blank\" href=\"https:\/\/vimeo.com\/ricechanneltv\"><i class=\"icon-vimeo-share\"><\/i><\/a><\/li>        <\/ul>\n    <\/div>\n<\/div>\t\t\t\t<\/div>\n\t\t\t\t<\/div>\n\t\t\t\t<\/div>\n\t\t\t\t\t<\/div>\n\t\t\t\t<\/div>\n\t\t\t\t<\/div>","protected":false},"excerpt":{"rendered":"<p>ho Ng\u00e0y 17 th\u00e1ng 3 n\u0103m 2025 R\u00e1c hay kho b\u00e1u: L\u1eddi k\u1ebft M\u1ecdi th\u1ee9 \u0111\u1ec1u b\u1eaft \u0111\u1ea7u b\u1eb1ng s\u1ef1 m\u00ea ho\u1eb7c \u2013 c\u1ea3m gi\u00e1c thu h\u00fat ai \u0111\u00f3 \u0111\u1ebfn v\u1edbi m\u1ed9t v\u1eadt th\u1ec3. \u0110\u1ed1i v\u1edbi m\u1ed9t s\u1ed1 ng\u01b0\u1eddi, \u0111\u00f3 c\u00f3 th\u1ec3 l\u00e0 m\u00f9i \u1ea9m m\u1ed1c c\u1ee7a nh\u1eefng cu\u1ed1n s\u00e1ch b\u00eca m\u1ec1m \u1ed1 v\u00e0ng tr\u00e0n [&hellip;]<\/p>","protected":false},"author":1,"featured_media":0,"parent":0,"menu_order":0,"comment_status":"closed","ping_status":"closed","template":"","meta":{"footnotes":""},"class_list":["post-5078","page","type-page","status-publish","hentry"],"yoast_head":"<!-- This site is optimized with the Yoast SEO plugin v24.9 - https:\/\/yoast.com\/wordpress\/plugins\/seo\/ -->\n<title>Bi\u00ean t\u1eadp - Rice Channel TV<\/title>\n<meta name=\"robots\" content=\"index, follow, max-snippet:-1, max-image-preview:large, max-video-preview:-1\" \/>\n<link rel=\"canonical\" href=\"https:\/\/ricechanneltv.com\/en\/bien-tap\/\" \/>\n<meta property=\"og:locale\" content=\"en_US\" \/>\n<meta property=\"og:type\" content=\"article\" \/>\n<meta property=\"og:title\" content=\"Bi\u00ean t\u1eadp - Rice Channel TV\" \/>\n<meta property=\"og:description\" content=\"ho Ng\u00e0y 17 th\u00e1ng 3 n\u0103m 2025 R\u00e1c hay kho b\u00e1u: L\u1eddi k\u1ebft M\u1ecdi th\u1ee9 \u0111\u1ec1u b\u1eaft \u0111\u1ea7u b\u1eb1ng s\u1ef1 m\u00ea ho\u1eb7c \u2013 c\u1ea3m gi\u00e1c thu h\u00fat ai \u0111\u00f3 \u0111\u1ebfn v\u1edbi m\u1ed9t v\u1eadt th\u1ec3. \u0110\u1ed1i v\u1edbi m\u1ed9t s\u1ed1 ng\u01b0\u1eddi, \u0111\u00f3 c\u00f3 th\u1ec3 l\u00e0 m\u00f9i \u1ea9m m\u1ed1c c\u1ee7a nh\u1eefng cu\u1ed1n s\u00e1ch b\u00eca m\u1ec1m \u1ed1 v\u00e0ng tr\u00e0n [&hellip;]\" \/>\n<meta property=\"og:url\" content=\"https:\/\/ricechanneltv.com\/en\/bien-tap\/\" \/>\n<meta property=\"og:site_name\" content=\"Rice Channel TV\" \/>\n<meta property=\"og:image\" content=\"https:\/\/www.ricechanneltv.com\/wp-content\/uploads\/2025\/03\/h-41.webp\" \/>\n<meta name=\"twitter:card\" content=\"summary_large_image\" \/>\n<meta name=\"twitter:label1\" content=\"Est. reading time\" \/>\n\t<meta name=\"twitter:data1\" content=\"4 minutes\" \/>\n<script type=\"application\/ld+json\" class=\"yoast-schema-graph\">{\"@context\":\"https:\/\/schema.org\",\"@graph\":[{\"@type\":\"WebPage\",\"@id\":\"https:\/\/ricechanneltv.com\/bien-tap\/\",\"url\":\"https:\/\/ricechanneltv.com\/bien-tap\/\",\"name\":\"Bi\u00ean t\u1eadp - Rice Channel TV\",\"isPartOf\":{\"@id\":\"https:\/\/www.ricechanneltv.com\/en\/#website\"},\"primaryImageOfPage\":{\"@id\":\"https:\/\/ricechanneltv.com\/bien-tap\/#primaryimage\"},\"image\":{\"@id\":\"https:\/\/ricechanneltv.com\/bien-tap\/#primaryimage\"},\"thumbnailUrl\":\"https:\/\/www.ricechanneltv.com\/wp-content\/uploads\/2025\/03\/h-41.webp\",\"datePublished\":\"2024-11-20T04:34:24+00:00\",\"breadcrumb\":{\"@id\":\"https:\/\/ricechanneltv.com\/bien-tap\/#breadcrumb\"},\"inLanguage\":\"en-US\",\"potentialAction\":[{\"@type\":\"ReadAction\",\"target\":[\"https:\/\/ricechanneltv.com\/bien-tap\/\"]}]},{\"@type\":\"ImageObject\",\"inLanguage\":\"en-US\",\"@id\":\"https:\/\/ricechanneltv.com\/bien-tap\/#primaryimage\",\"url\":\"https:\/\/www.ricechanneltv.com\/wp-content\/uploads\/2025\/03\/h-41.webp\",\"contentUrl\":\"https:\/\/www.ricechanneltv.com\/wp-content\/uploads\/2025\/03\/h-41.webp\"},{\"@type\":\"BreadcrumbList\",\"@id\":\"https:\/\/ricechanneltv.com\/bien-tap\/#breadcrumb\",\"itemListElement\":[{\"@type\":\"ListItem\",\"position\":1,\"name\":\"Home\",\"item\":\"https:\/\/ricechanneltv.com\/\"},{\"@type\":\"ListItem\",\"position\":2,\"name\":\"Bi\u00ean t\u1eadp\"}]},{\"@type\":\"WebSite\",\"@id\":\"https:\/\/www.ricechanneltv.com\/en\/#website\",\"url\":\"https:\/\/www.ricechanneltv.com\/en\/\",\"name\":\"Rice Channel TV\",\"description\":\"\",\"potentialAction\":[{\"@type\":\"SearchAction\",\"target\":{\"@type\":\"EntryPoint\",\"urlTemplate\":\"https:\/\/www.ricechanneltv.com\/en\/?s={search_term_string}\"},\"query-input\":{\"@type\":\"PropertyValueSpecification\",\"valueRequired\":true,\"valueName\":\"search_term_string\"}}],\"inLanguage\":\"en-US\"}]}<\/script>\n<!-- \/ Yoast SEO plugin. -->","yoast_head_json":{"title":"Bi\u00ean t\u1eadp - Rice Channel TV","robots":{"index":"index","follow":"follow","max-snippet":"max-snippet:-1","max-image-preview":"max-image-preview:large","max-video-preview":"max-video-preview:-1"},"canonical":"https:\/\/ricechanneltv.com\/en\/bien-tap\/","og_locale":"en_US","og_type":"article","og_title":"Bi\u00ean t\u1eadp - Rice Channel TV","og_description":"ho Ng\u00e0y 17 th\u00e1ng 3 n\u0103m 2025 R\u00e1c hay kho b\u00e1u: L\u1eddi k\u1ebft M\u1ecdi th\u1ee9 \u0111\u1ec1u b\u1eaft \u0111\u1ea7u b\u1eb1ng s\u1ef1 m\u00ea ho\u1eb7c \u2013 c\u1ea3m gi\u00e1c thu h\u00fat ai \u0111\u00f3 \u0111\u1ebfn v\u1edbi m\u1ed9t v\u1eadt th\u1ec3. \u0110\u1ed1i v\u1edbi m\u1ed9t s\u1ed1 ng\u01b0\u1eddi, \u0111\u00f3 c\u00f3 th\u1ec3 l\u00e0 m\u00f9i \u1ea9m m\u1ed1c c\u1ee7a nh\u1eefng cu\u1ed1n s\u00e1ch b\u00eca m\u1ec1m \u1ed1 v\u00e0ng tr\u00e0n [&hellip;]","og_url":"https:\/\/ricechanneltv.com\/en\/bien-tap\/","og_site_name":"Rice Channel TV","og_image":[{"url":"https:\/\/www.ricechanneltv.com\/wp-content\/uploads\/2025\/03\/h-41.webp","type":"","width":"","height":""}],"twitter_card":"summary_large_image","twitter_misc":{"Est. reading time":"4 minutes"},"schema":{"@context":"https:\/\/schema.org","@graph":[{"@type":"WebPage","@id":"https:\/\/ricechanneltv.com\/bien-tap\/","url":"https:\/\/ricechanneltv.com\/bien-tap\/","name":"Bi\u00ean t\u1eadp - Rice Channel TV","isPartOf":{"@id":"https:\/\/www.ricechanneltv.com\/en\/#website"},"primaryImageOfPage":{"@id":"https:\/\/ricechanneltv.com\/bien-tap\/#primaryimage"},"image":{"@id":"https:\/\/ricechanneltv.com\/bien-tap\/#primaryimage"},"thumbnailUrl":"https:\/\/www.ricechanneltv.com\/wp-content\/uploads\/2025\/03\/h-41.webp","datePublished":"2024-11-20T04:34:24+00:00","breadcrumb":{"@id":"https:\/\/ricechanneltv.com\/bien-tap\/#breadcrumb"},"inLanguage":"en-US","potentialAction":[{"@type":"ReadAction","target":["https:\/\/ricechanneltv.com\/bien-tap\/"]}]},{"@type":"ImageObject","inLanguage":"en-US","@id":"https:\/\/ricechanneltv.com\/bien-tap\/#primaryimage","url":"https:\/\/www.ricechanneltv.com\/wp-content\/uploads\/2025\/03\/h-41.webp","contentUrl":"https:\/\/www.ricechanneltv.com\/wp-content\/uploads\/2025\/03\/h-41.webp"},{"@type":"BreadcrumbList","@id":"https:\/\/ricechanneltv.com\/bien-tap\/#breadcrumb","itemListElement":[{"@type":"ListItem","position":1,"name":"Home","item":"https:\/\/ricechanneltv.com\/"},{"@type":"ListItem","position":2,"name":"Bi\u00ean t\u1eadp"}]},{"@type":"WebSite","@id":"https:\/\/www.ricechanneltv.com\/en\/#website","url":"https:\/\/www.ricechanneltv.com\/en\/","name":"Rice Channel TV","description":"","potentialAction":[{"@type":"SearchAction","target":{"@type":"EntryPoint","urlTemplate":"https:\/\/www.ricechanneltv.com\/en\/?s={search_term_string}"},"query-input":{"@type":"PropertyValueSpecification","valueRequired":true,"valueName":"search_term_string"}}],"inLanguage":"en-US"}]}},"_links":{"self":[{"href":"https:\/\/ricechanneltv.com\/en\/wp-json\/wp\/v2\/pages\/5078","targetHints":{"allow":["GET"]}}],"collection":[{"href":"https:\/\/ricechanneltv.com\/en\/wp-json\/wp\/v2\/pages"}],"about":[{"href":"https:\/\/ricechanneltv.com\/en\/wp-json\/wp\/v2\/types\/page"}],"author":[{"embeddable":true,"href":"https:\/\/ricechanneltv.com\/en\/wp-json\/wp\/v2\/users\/1"}],"replies":[{"embeddable":true,"href":"https:\/\/ricechanneltv.com\/en\/wp-json\/wp\/v2\/comments?post=5078"}],"version-history":[{"count":0,"href":"https:\/\/ricechanneltv.com\/en\/wp-json\/wp\/v2\/pages\/5078\/revisions"}],"wp:attachment":[{"href":"https:\/\/ricechanneltv.com\/en\/wp-json\/wp\/v2\/media?parent=5078"}],"curies":[{"name":"wp","href":"https:\/\/api.w.org\/{rel}","templated":true}]}}