{"id":5083,"date":"2025-03-16T08:58:49","date_gmt":"2025-03-16T08:58:49","guid":{"rendered":"https:\/\/ricechanneltv.com\/su-kien\/"},"modified":"2025-03-16T08:58:49","modified_gmt":"2025-03-16T08:58:49","slug":"su-kien","status":"publish","type":"page","link":"https:\/\/ricechanneltv.com\/en\/su-kien\/","title":{"rendered":"Events"},"content":{"rendered":"<div data-elementor-type=\"wp-page\" data-elementor-id=\"5083\" class=\"elementor elementor-5083\" data-elementor-post-type=\"page\">\n\t\t\t\t<div class=\"elementor-element elementor-element-e73fb31 e-flex e-con-boxed e-con e-parent\" data-id=\"e73fb31\" data-element_type=\"container\" data-settings=\"{&quot;background_background&quot;:&quot;classic&quot;}\">\n\t\t\t\t\t<div class=\"e-con-inner\">\n\t\t\t\t<div class=\"elementor-element elementor-element-3e0c8bd elementor-widget elementor-widget-event-listing\" data-id=\"3e0c8bd\" data-element_type=\"widget\" data-widget_type=\"event-listing.default\">\n\t\t\t\t<div class=\"elementor-widget-container\">\n\t\t\t\t\t<div class=\"event_listings\" data-location=\"\" data-keywords=\"\" data-show_filters=\"false\" data-show_pagination=\"true\" data-per_page=\"5\" data-orderby=\"event_start_date\" data-order=\"DESC\" data-datetimes=\"\" data-categories=\"\" data-event_types=\"\" data-ticket_prices=\"\" data-event_online=\"\" ><div class=\"wpem-main wpem-event-listings-header\">\r\n    <div class=\"wpem-row\">\r\n        <div class=\"wpem-col wpem-col-12 wpem-col-sm-6 wpem-col-md-6 wpem-col-lg-8\">\r\n            <div class=\"wpem-event-listing-header-title\">\r\n                                    <h2 class=\"wpem-heading-text\">Events<\/h2>\r\n                            <\/div>\r\n        <\/div>\r\n        <div class=\"wpem-col wpem-col-12 wpem-col-sm-6 wpem-col-md-6 wpem-col-lg-4\">\r\n            <div class=\"wpem-event-layout-action-wrapper\">\r\n                <div class=\"wpem-event-layout-action\">\r\n                                    <\/div>\r\n            <\/div>\r\n        <\/div>\r\n    <\/div>\r\n<\/div>\r\n\r\n<!-- Event listing view -->\r\n<div class=\"event_listings_main\">\r\n    <div id=\"event-listing-view\" class=\"wpem-main wpem-event-listings event_listings wpem-row wpem-event-listing-box-view\" data-id=\"box\"><div class=\"wpem-event-box-col wpem-col wpem-col-12 wpem-col-md-6 wpem-col-lg-4\">\n    <!----- wpem-col-lg-4 value can be change by admin settings ------->\n    <div class=\"wpem-event-layout-wrapper\">\n        <div class=\"event_listing post-5120 type-event_listing status-expired has-post-thumbnail hentry event_listing_category-community-culture\">\n            <a href=\"https:\/\/ricechanneltv.com\/en\/event\/streets-cook-event\/\" class=\"wpem-event-action-url event-style-color\">\n                <div class=\"wpem-event-banner\">\n                    <div class=\"wpem-event-banner-img\" style=\"background-image: url(https:\/\/ricechanneltv.com\/wp-content\/uploads\/2025\/04\/497438624_1230098222013410_8552623598339314400_n.webp)\">\n                        <!-- Hide in list View \/\/ Show in Box View -->\n                                                <div class=\"wpem-event-date\">\n                            <div class=\"wpem-event-date-type\">\n                                                                    <div class=\"wpem-from-date\">\n                                        <div class=\"wpem-date\">17<\/div>\n                                        <div class=\"wpem-month\">May<\/div>\n                                    <\/div>\n                                                            <\/div>\n                        <\/div>\n                        <!-- Hide in list View \/\/ Show in Box View -->\n                    <\/div>\n                <\/div>\n\n                <div class=\"wpem-event-infomation\">\n                    <div class=\"wpem-event-date\">\n                        <div class=\"wpem-event-date-type\">\n                                                            <div class=\"wpem-from-date\">\n                                    <div class=\"wpem-date\">17<\/div>\n                                    <div class=\"wpem-month\">May<\/div>\n                                <\/div>\n                                                            <div class=\"wpem-to-date\">\n                                    <div class=\"wpem-date-separator\">-<\/div>\n                                    <div class=\"wpem-date\">17<\/div>\n                                    <div class=\"wpem-month\">May<\/div>\n                                <\/div>\n                                                    <\/div>\n                    <\/div>\n\n                    <div class=\"wpem-event-details\">\n                                                <div class=\"wpem-event-title\">\n                            <h3 class=\"wpem-heading-text\">Rice Channel TV Street Food Celebration \u2013 A Taste of Vietnam on Screen &amp; Plate<\/h3>\n                        <\/div>\n\n                        <div class=\"wpem-event-date-time\">\n                            <span class=\"wpem-event-date-time-text\">\n                                2025-05-17                                 @ 05:00 PM - 2025-05-17 @ 07:00 PM                            <\/span>\n                        <\/div>\n                        <div class=\"wpem-event-location\">\n                            <span class=\"wpem-event-location-text\">\n                                https:\/\/maps.app.goo.gl\/7fUqcgJga6qrNeEe7                            <\/span>\n                        <\/div>\n                        \n                        <!-- Show in list View \/\/ Hide in Box View -->\n                                                <!-- Show in list View \/\/ Hide in Box View -->\n                                            <\/div>\n                <\/div>\n            <\/a>\n        <\/div>\n    <\/div>\n<\/div><\/div>\n<\/div>\n<\/div>\t\t\t\t<\/div>\n\t\t\t\t<\/div>\n\t\t\t\t\t<\/div>\n\t\t\t\t<\/div>\n\t\t\t\t<\/div>","protected":false},"excerpt":{"rendered":"<p>S\u1ef1 ki\u1ec7n 24 Th\u00e1ng Ba 24 Th\u00e1ng Ba &#8211; 31 Th\u00e1ng Ba H\u1eadu tr\u01b0\u1eddng | L\u00e0m th\u1ebf n\u00e0o \u0111\u1ec3 k\u1ec3 m\u1ed9t c\u00e2u chuy\u1ec7n hay? 24-03-2025 @ 09:30 s\u00e1ng &#8211; 2025-03-31 @ 02:30 s\u00e1ng https:\/\/maps.app.goo.gl\/jiTGiu7gnGVShk1DA<\/p>","protected":false},"author":2,"featured_media":0,"parent":0,"menu_order":0,"comment_status":"closed","ping_status":"closed","template":"","meta":{"footnotes":""},"class_list":["post-5083","page","type-page","status-publish","hentry"],"yoast_head":"<!-- This site is optimized with the Yoast SEO plugin v24.9 - https:\/\/yoast.com\/wordpress\/plugins\/seo\/ -->\n<title>S\u1ef1 ki\u1ec7n - Rice Channel TV<\/title>\n<meta name=\"robots\" content=\"index, follow, max-snippet:-1, max-image-preview:large, max-video-preview:-1\" \/>\n<link rel=\"canonical\" href=\"https:\/\/ricechanneltv.com\/en\/su-kien\/\" \/>\n<meta property=\"og:locale\" content=\"en_US\" \/>\n<meta property=\"og:type\" content=\"article\" \/>\n<meta property=\"og:title\" content=\"S\u1ef1 ki\u1ec7n - Rice Channel TV\" \/>\n<meta property=\"og:description\" content=\"S\u1ef1 ki\u1ec7n 24 Th\u00e1ng Ba 24 Th\u00e1ng Ba &#8211; 31 Th\u00e1ng Ba H\u1eadu tr\u01b0\u1eddng | L\u00e0m th\u1ebf n\u00e0o \u0111\u1ec3 k\u1ec3 m\u1ed9t c\u00e2u chuy\u1ec7n hay? 24-03-2025 @ 09:30 s\u00e1ng &#8211; 2025-03-31 @ 02:30 s\u00e1ng https:\/\/maps.app.goo.gl\/jiTGiu7gnGVShk1DA\" \/>\n<meta property=\"og:url\" content=\"https:\/\/ricechanneltv.com\/en\/su-kien\/\" \/>\n<meta property=\"og:site_name\" content=\"Rice Channel TV\" \/>\n<meta name=\"twitter:card\" content=\"summary_large_image\" \/>\n<script type=\"application\/ld+json\" class=\"yoast-schema-graph\">{\"@context\":\"https:\/\/schema.org\",\"@graph\":[{\"@type\":\"WebPage\",\"@id\":\"https:\/\/ricechanneltv.com\/su-kien\/\",\"url\":\"https:\/\/ricechanneltv.com\/su-kien\/\",\"name\":\"S\u1ef1 ki\u1ec7n - Rice Channel TV\",\"isPartOf\":{\"@id\":\"https:\/\/www.ricechanneltv.com\/en\/#website\"},\"datePublished\":\"2025-03-16T08:58:49+00:00\",\"breadcrumb\":{\"@id\":\"https:\/\/ricechanneltv.com\/su-kien\/#breadcrumb\"},\"inLanguage\":\"en-US\",\"potentialAction\":[{\"@type\":\"ReadAction\",\"target\":[\"https:\/\/ricechanneltv.com\/su-kien\/\"]}]},{\"@type\":\"BreadcrumbList\",\"@id\":\"https:\/\/ricechanneltv.com\/su-kien\/#breadcrumb\",\"itemListElement\":[{\"@type\":\"ListItem\",\"position\":1,\"name\":\"Home\",\"item\":\"https:\/\/ricechanneltv.com\/\"},{\"@type\":\"ListItem\",\"position\":2,\"name\":\"S\u1ef1 ki\u1ec7n\"}]},{\"@type\":\"WebSite\",\"@id\":\"https:\/\/www.ricechanneltv.com\/en\/#website\",\"url\":\"https:\/\/www.ricechanneltv.com\/en\/\",\"name\":\"Rice Channel TV\",\"description\":\"\",\"potentialAction\":[{\"@type\":\"SearchAction\",\"target\":{\"@type\":\"EntryPoint\",\"urlTemplate\":\"https:\/\/www.ricechanneltv.com\/en\/?s={search_term_string}\"},\"query-input\":{\"@type\":\"PropertyValueSpecification\",\"valueRequired\":true,\"valueName\":\"search_term_string\"}}],\"inLanguage\":\"en-US\"}]}<\/script>\n<!-- \/ Yoast SEO plugin. -->","yoast_head_json":{"title":"S\u1ef1 ki\u1ec7n - Rice Channel TV","robots":{"index":"index","follow":"follow","max-snippet":"max-snippet:-1","max-image-preview":"max-image-preview:large","max-video-preview":"max-video-preview:-1"},"canonical":"https:\/\/ricechanneltv.com\/en\/su-kien\/","og_locale":"en_US","og_type":"article","og_title":"S\u1ef1 ki\u1ec7n - Rice Channel TV","og_description":"S\u1ef1 ki\u1ec7n 24 Th\u00e1ng Ba 24 Th\u00e1ng Ba &#8211; 31 Th\u00e1ng Ba H\u1eadu tr\u01b0\u1eddng | L\u00e0m th\u1ebf n\u00e0o \u0111\u1ec3 k\u1ec3 m\u1ed9t c\u00e2u chuy\u1ec7n hay? 24-03-2025 @ 09:30 s\u00e1ng &#8211; 2025-03-31 @ 02:30 s\u00e1ng https:\/\/maps.app.goo.gl\/jiTGiu7gnGVShk1DA","og_url":"https:\/\/ricechanneltv.com\/en\/su-kien\/","og_site_name":"Rice Channel TV","twitter_card":"summary_large_image","schema":{"@context":"https:\/\/schema.org","@graph":[{"@type":"WebPage","@id":"https:\/\/ricechanneltv.com\/su-kien\/","url":"https:\/\/ricechanneltv.com\/su-kien\/","name":"S\u1ef1 ki\u1ec7n - Rice Channel TV","isPartOf":{"@id":"https:\/\/www.ricechanneltv.com\/en\/#website"},"datePublished":"2025-03-16T08:58:49+00:00","breadcrumb":{"@id":"https:\/\/ricechanneltv.com\/su-kien\/#breadcrumb"},"inLanguage":"en-US","potentialAction":[{"@type":"ReadAction","target":["https:\/\/ricechanneltv.com\/su-kien\/"]}]},{"@type":"BreadcrumbList","@id":"https:\/\/ricechanneltv.com\/su-kien\/#breadcrumb","itemListElement":[{"@type":"ListItem","position":1,"name":"Home","item":"https:\/\/ricechanneltv.com\/"},{"@type":"ListItem","position":2,"name":"S\u1ef1 ki\u1ec7n"}]},{"@type":"WebSite","@id":"https:\/\/www.ricechanneltv.com\/en\/#website","url":"https:\/\/www.ricechanneltv.com\/en\/","name":"Rice Channel TV","description":"","potentialAction":[{"@type":"SearchAction","target":{"@type":"EntryPoint","urlTemplate":"https:\/\/www.ricechanneltv.com\/en\/?s={search_term_string}"},"query-input":{"@type":"PropertyValueSpecification","valueRequired":true,"valueName":"search_term_string"}}],"inLanguage":"en-US"}]}},"_links":{"self":[{"href":"https:\/\/ricechanneltv.com\/en\/wp-json\/wp\/v2\/pages\/5083","targetHints":{"allow":["GET"]}}],"collection":[{"href":"https:\/\/ricechanneltv.com\/en\/wp-json\/wp\/v2\/pages"}],"about":[{"href":"https:\/\/ricechanneltv.com\/en\/wp-json\/wp\/v2\/types\/page"}],"author":[{"embeddable":true,"href":"https:\/\/ricechanneltv.com\/en\/wp-json\/wp\/v2\/users\/2"}],"replies":[{"embeddable":true,"href":"https:\/\/ricechanneltv.com\/en\/wp-json\/wp\/v2\/comments?post=5083"}],"version-history":[{"count":0,"href":"https:\/\/ricechanneltv.com\/en\/wp-json\/wp\/v2\/pages\/5083\/revisions"}],"wp:attachment":[{"href":"https:\/\/ricechanneltv.com\/en\/wp-json\/wp\/v2\/media?parent=5083"}],"curies":[{"name":"wp","href":"https:\/\/api.w.org\/{rel}","templated":true}]}}