{"id":5552,"date":"2026-01-26T04:35:50","date_gmt":"2026-01-26T04:35:50","guid":{"rendered":"https:\/\/ricechanneltv.com\/?page_id=5552"},"modified":"2026-01-26T04:36:16","modified_gmt":"2026-01-26T04:36:16","slug":"shipping-policy","status":"publish","type":"page","link":"https:\/\/ricechanneltv.com\/en\/shipping-policy\/","title":{"rendered":"Shipping Policy"},"content":{"rendered":"<p data-path-to-node=\"3\">Ch\u00e0o m\u1eebng b\u1ea1n \u0111\u1ebfn v\u1edbi <b data-path-to-node=\"3\" data-index-in-node=\"22\">RICE Channel<\/b>. \u0110\u1ec3 \u0111\u1ea3m b\u1ea3o quy\u1ec1n l\u1ee3i c\u1ee7a kh\u00e1ch h\u00e0ng v\u00e0 t\u00ednh minh b\u1ea1ch trong qu\u00e1 tr\u00ecnh mua s\u1eafm, ch\u00fang t\u00f4i xin th\u00f4ng b\u00e1o ch\u00ednh s\u00e1ch v\u1eadn chuy\u1ec3n \u00e1p d\u1ee5ng cho to\u00e0n b\u1ed9 c\u00e1c s\u1ea3n ph\u1ea9m tr\u00ean website nh\u01b0 sau:<\/p>\n<h3 data-path-to-node=\"4\">1. Th\u1eddi gian x\u1eed l\u00fd \u0111\u01a1n h\u00e0ng<\/h3>\n<ul data-path-to-node=\"5\">\n<li>\n<p data-path-to-node=\"5,0,0\">M\u1ecdi \u0111\u01a1n h\u00e0ng \u0111\u1ec1u \u0111\u01b0\u1ee3c ti\u1ebfp nh\u1eadn, x\u00e1c nh\u1eadn v\u00e0 \u0111\u00f3ng g\u00f3i trong v\u00f2ng <b data-path-to-node=\"5,0,0\" data-index-in-node=\"65\">[V\u00ed d\u1ee5: 24h &#8211; 48h]<\/b> l\u00e0m vi\u1ec7c k\u1ec3 t\u1eeb th\u1eddi \u0111i\u1ec3m kh\u00e1ch h\u00e0ng \u0111\u1eb7t h\u00e0ng th\u00e0nh c\u00f4ng.<\/p>\n<\/li>\n<li>\n<p data-path-to-node=\"5,1,0\">\u0110\u1ed1i v\u1edbi c\u00e1c \u0111\u01a1n h\u00e0ng ph\u00e1t sinh v\u00e0o chi\u1ec1u Th\u1ee9 B\u1ea3y, Ch\u1ee7 Nh\u1eadt ho\u1eb7c c\u00e1c ng\u00e0y L\u1ec5, T\u1ebft, th\u1eddi gian x\u1eed l\u00fd s\u1ebd \u0111\u01b0\u1ee3c t\u00ednh t\u1eeb ng\u00e0y l\u00e0m vi\u1ec7c \u0111\u1ea7u ti\u00ean sau \u0111\u00f3.<\/p>\n<\/li>\n<\/ul>\n<h3 data-path-to-node=\"6\">2. Th\u1eddi gian v\u1eadn chuy\u1ec3n d\u1ef1 ki\u1ebfn<\/h3>\n<p data-path-to-node=\"7\">Ch\u00fang t\u00f4i hi\u1ec7n \u0111ang h\u1ee3p t\u00e1c v\u1edbi c\u00e1c \u0111\u01a1n v\u1ecb v\u1eadn chuy\u1ec3n uy t\u00edn \u0111\u1ec3 \u0111\u1ea3m b\u1ea3o s\u1ea3n ph\u1ea9m t\u1edbi tay b\u1ea1n an to\u00e0n nh\u1ea5t. Th\u1eddi gian giao h\u00e0ng d\u1ef1 ki\u1ebfn (t\u00ednh t\u1eeb l\u00fac \u0111\u01a1n h\u00e0ng r\u1eddi kho):<\/p>\n<ul data-path-to-node=\"8\">\n<li>\n<p data-path-to-node=\"8,0,0\"><b data-path-to-node=\"8,0,0\" data-index-in-node=\"0\">Khu v\u1ef1c N\u1ed9i th\u00e0nh TP.HCM:<\/b> T\u1eeb 2-4 ng\u00e0y l\u00e0m vi\u1ec7c.<\/p>\n<\/li>\n<li>\n<p data-path-to-node=\"8,1,0\"><b data-path-to-node=\"8,1,0\" data-index-in-node=\"0\">Khu v\u1ef1c Ngo\u1ea1i th\u00e0nh &amp; C\u00e1c t\u1ec9nh th\u00e0nh kh\u00e1c:<\/b> T\u1eeb 5-7 ng\u00e0y l\u00e0m vi\u1ec7c.<\/p>\n<\/li>\n<li>\n<p data-path-to-node=\"8,2,0\"><b data-path-to-node=\"8,2,0\" data-index-in-node=\"0\">V\u00f9ng s\u00e2u, v\u00f9ng xa ho\u1eb7c h\u1ea3i \u0111\u1ea3o:<\/b> Th\u1eddi gian c\u00f3 th\u1ec3 k\u00e9o d\u00e0i h\u01a1n t\u1eeb 5-10 ng\u00e0y t\u00f9y thu\u1ed9c v\u00e0o \u0111i\u1ec1u ki\u1ec7n kh\u00e1ch quan.<\/p>\n<\/li>\n<\/ul>\n<h3 data-path-to-node=\"9\">3. Ph\u00ed v\u1eadn chuy\u1ec3n<\/h3>\n<ul data-path-to-node=\"10\">\n<li>\n<p data-path-to-node=\"9\">Ph\u00ed v\u1eadn chuy\u1ec3n \u0111\u01b0\u1ee3c t\u00ednh d\u1ef1a tr\u00ean t\u1ed5ng gi\u00e1 tr\u1ecb \u0111\u01a1n h\u00e0ng v\u00e0 tr\u1ecdng l\u01b0\u1ee3ng c\u1ee7a ki\u1ec7n h\u00e0ng nh\u01b0 sau:<\/p>\n<p data-path-to-node=\"10\"><b data-path-to-node=\"10\" data-index-in-node=\"0\">\u0110\u1ed1i v\u1edbi \u0111\u01a1n h\u00e0ng c\u00f3 t\u1ed5ng gi\u00e1 tr\u1ecb t\u1eeb 1\u0111 \u0111\u1ebfn 250.000\u0111:<\/b><\/p>\n<ul data-path-to-node=\"11\">\n<li>\n<p data-path-to-node=\"11,0,0\">Tr\u1ecdng l\u01b0\u1ee3ng t\u1eeb 0.0001kg \u0111\u1ebfn 5kg: Ph\u00ed v\u1eadn chuy\u1ec3n l\u00e0 <b data-path-to-node=\"11,0,0\" data-index-in-node=\"51\">20.000\u0111<\/b>.<\/p>\n<\/li>\n<li>\n<p data-path-to-node=\"11,1,0\">Tr\u1ecdng l\u01b0\u1ee3ng t\u1eeb 5.0001kg tr\u1edf l\u00ean: Ph\u00ed v\u1eadn chuy\u1ec3n l\u00e0 <b data-path-to-node=\"11,1,0\" data-index-in-node=\"51\">35.000\u0111<\/b>.<\/p>\n<\/li>\n<\/ul>\n<p data-path-to-node=\"12\"><b data-path-to-node=\"12\" data-index-in-node=\"0\">\u0110\u1ed1i v\u1edbi \u0111\u01a1n h\u00e0ng c\u00f3 t\u1ed5ng gi\u00e1 tr\u1ecb t\u1eeb 250.001\u0111 tr\u1edf l\u00ean:<\/b><\/p>\n<ul data-path-to-node=\"13\">\n<li>\n<p data-path-to-node=\"13,0,0\">Tr\u1ecdng l\u01b0\u1ee3ng t\u1eeb 0.0001kg \u0111\u1ebfn 5kg: Ph\u00ed v\u1eadn chuy\u1ec3n l\u00e0 <b data-path-to-node=\"13,0,0\" data-index-in-node=\"51\">35.000\u0111<\/b>.<\/p>\n<\/li>\n<li>\n<p data-path-to-node=\"13,1,0\">Tr\u1ecdng l\u01b0\u1ee3ng t\u1eeb 5.0001kg tr\u1edf l\u00ean: Ph\u00ed v\u1eadn chuy\u1ec3n l\u00e0 <b data-path-to-node=\"13,1,0\" data-index-in-node=\"51\">45.000\u0111<\/b>.<\/p>\n<\/li>\n<\/ul>\n<\/li>\n<\/ul>\n<h3 data-path-to-node=\"11\">4. Theo d\u00f5i \u0111\u01a1n h\u00e0ng (Tracking)<\/h3>\n<ul data-path-to-node=\"12\">\n<li>\n<p data-path-to-node=\"12,0,0\">Sau khi \u0111\u01a1n h\u00e0ng \u0111\u01b0\u1ee3c g\u1eedi \u0111i, h\u1ec7 th\u1ed1ng s\u1ebd g\u1eedi m\u00e3 v\u1eadn \u0111\u01a1n (Tracking Number) th\u00f4ng qua <b data-path-to-node=\"12,0,0\" data-index-in-node=\"85\">[Email\/Tin nh\u1eafn SMS]<\/b> c\u1ee7a b\u1ea1n.<\/p>\n<\/li>\n<li>\n<p data-path-to-node=\"12,1,0\">B\u1ea1n c\u00f3 th\u1ec3 ch\u1ee7 \u0111\u1ed9ng theo d\u00f5i h\u00e0nh tr\u00ecnh \u0111\u01a1n h\u00e0ng tr\u00ean website c\u1ee7a \u0111\u01a1n v\u1ecb v\u1eadn chuy\u1ec3n ho\u1eb7c li\u00ean h\u1ec7 hotline c\u1ee7a ch\u00fang t\u00f4i \u0111\u1ec3 \u0111\u01b0\u1ee3c h\u1ed7 tr\u1ee3 ki\u1ec3m tra.<\/p>\n<\/li>\n<\/ul>\n<h3 data-path-to-node=\"13\">5. Quy tr\u00ecnh \u0111\u1ed3ng ki\u1ec3m<\/h3>\n<ul data-path-to-node=\"14\">\n<li>\n<p data-path-to-node=\"14,0,0\">RICE Channel khuy\u1ebfn kh\u00edch kh\u00e1ch h\u00e0ng th\u1ef1c hi\u1ec7n vi\u1ec7c <b data-path-to-node=\"14,0,0\" data-index-in-node=\"52\">ki\u1ec3m tra h\u00e0ng h\u00f3a tr\u01b0\u1edbc khi k\u00fd nh\u1eadn<\/b> v\u1edbi nh\u00e2n vi\u00ean giao h\u00e0ng.<\/p>\n<\/li>\n<li>\n<p data-path-to-node=\"14,1,0\">Vui l\u00f2ng ki\u1ec3m tra k\u1ef9 t\u00ecnh tr\u1ea1ng bao b\u00ec, \u0111\u1ea3m b\u1ea3o s\u1ea3n ph\u1ea9m \u0111\u00fang m\u1eabu m\u00e3, s\u1ed1 l\u01b0\u1ee3ng v\u00e0 kh\u00f4ng b\u1ecb h\u01b0 h\u1ecfng v\u1eadt l\u00fd.<\/p>\n<\/li>\n<li>\n<p data-path-to-node=\"14,2,0\">N\u1ebfu ph\u00e1t hi\u1ec7n b\u1ea5t k\u1ef3 d\u1ea5u hi\u1ec7u b\u1ea5t th\u01b0\u1eddng n\u00e0o (h\u1ed9p b\u1ecb m\u00f3p m\u00e9o, r\u00e1ch, thi\u1ebfu s\u1ea3n ph\u1ea9m), b\u1ea1n c\u00f3 quy\u1ec1n t\u1eeb ch\u1ed1i nh\u1eadn h\u00e0ng v\u00e0 li\u00ean h\u1ec7 ngay v\u1edbi b\u1ed9 ph\u1eadn ch\u0103m s\u00f3c kh\u00e1ch h\u00e0ng c\u1ee7a ch\u00fang t\u00f4i qua Hotline: <b>0817001124<\/b><\/p>\n<\/li>\n<\/ul>\n<h3 data-path-to-node=\"15\">6. Giao h\u00e0ng kh\u00f4ng th\u00e0nh c\u00f4ng<\/h3>\n<ul data-path-to-node=\"16\">\n<li>\n<p data-path-to-node=\"16,0,0\">\u0110\u01a1n v\u1ecb v\u1eadn chuy\u1ec3n s\u1ebd li\u00ean h\u1ec7 giao h\u00e0ng t\u1ed1i \u0111a <b data-path-to-node=\"16,0,0\" data-index-in-node=\"46\">3 l\u1ea7n<\/b><\/p>\n<\/li>\n<li>\n<p data-path-to-node=\"16,1,0\">N\u1ebfu sau c\u00e1c l\u1ea7n li\u00ean h\u1ec7 v\u1eabn kh\u00f4ng th\u1ec3 giao h\u00e0ng th\u00e0nh c\u00f4ng, \u0111\u01a1n h\u00e0ng s\u1ebd \u0111\u01b0\u1ee3c ho\u00e0n tr\u1ea3 v\u1ec1 kho c\u1ee7a RICE Channel. Trong tr\u01b0\u1eddng h\u1ee3p n\u00e0y, n\u1ebfu qu\u00fd kh\u00e1ch mu\u1ed1n ti\u1ebfp t\u1ee5c nh\u1eadn h\u00e0ng, vui l\u00f2ng thanh to\u00e1n ph\u00ed v\u1eadn chuy\u1ec3n cho l\u01b0\u1ee3t g\u1eedi ti\u1ebfp theo.<\/p>\n<\/li>\n<\/ul>\n<hr data-path-to-node=\"17\" \/>\n<p data-path-to-node=\"18\"><b data-path-to-node=\"18\" data-index-in-node=\"0\">Th\u00f4ng tin li\u00ean h\u1ec7 h\u1ed7 tr\u1ee3:<\/b><\/p>\n<ul data-path-to-node=\"19\">\n<li>\n<p data-path-to-node=\"19,0,0\"><b data-path-to-node=\"19,0,0\" data-index-in-node=\"0\">Email:\u00a0<\/b>hanhnguyen@riceandpartners.com<\/p>\n<\/li>\n<li>\n<p data-path-to-node=\"19,1,0\"><b data-path-to-node=\"19,1,0\" data-index-in-node=\"0\">Hotline: 0817001124<\/b><\/p>\n<\/li>\n<li>\n<p data-path-to-node=\"19,2,0\"><b data-path-to-node=\"19,2,0\" data-index-in-node=\"0\">\u0110\u1ecba ch\u1ec9:<\/b> S\u1ed1 02.07, 02.08, 02.09 T\u1ea7ng 2, kh\u1ed1i \u0111\u1ebf, th\u00e1p 2, The Sun Avenue, 28 Mai Ch\u00ed Th\u1ecd, Ph\u01b0\u1eddng B\u00ecnh Tr\u01b0ng, Th\u00e0nh ph\u1ed1 H\u1ed3 Ch\u00ed Minh, Vi\u1ec7t Nam<\/p>\n<\/li>\n<\/ul>","protected":false},"excerpt":{"rendered":"<p>Ch\u00e0o m\u1eebng b\u1ea1n \u0111\u1ebfn v\u1edbi RICE Channel. \u0110\u1ec3 \u0111\u1ea3m b\u1ea3o quy\u1ec1n l\u1ee3i c\u1ee7a kh\u00e1ch h\u00e0ng v\u00e0 t\u00ednh minh b\u1ea1ch trong qu\u00e1 tr\u00ecnh mua s\u1eafm, ch\u00fang t\u00f4i xin th\u00f4ng b\u00e1o ch\u00ednh s\u00e1ch v\u1eadn chuy\u1ec3n \u00e1p d\u1ee5ng cho to\u00e0n b\u1ed9 c\u00e1c s\u1ea3n ph\u1ea9m tr\u00ean website nh\u01b0 sau: 1. Th\u1eddi gian x\u1eed l\u00fd \u0111\u01a1n h\u00e0ng M\u1ecdi \u0111\u01a1n h\u00e0ng [&hellip;]<\/p>","protected":false},"author":10,"featured_media":0,"parent":0,"menu_order":0,"comment_status":"closed","ping_status":"closed","template":"","meta":{"footnotes":""},"class_list":["post-5552","page","type-page","status-publish","hentry"],"yoast_head":"<!-- This site is optimized with the Yoast SEO plugin v24.9 - https:\/\/yoast.com\/wordpress\/plugins\/seo\/ -->\n<title>Shipping Policy - Rice Channel TV<\/title>\n<meta name=\"robots\" content=\"index, follow, max-snippet:-1, max-image-preview:large, max-video-preview:-1\" \/>\n<link rel=\"canonical\" href=\"https:\/\/ricechanneltv.com\/en\/shipping-policy\/\" \/>\n<meta property=\"og:locale\" content=\"en_US\" \/>\n<meta property=\"og:type\" content=\"article\" \/>\n<meta property=\"og:title\" content=\"Shipping Policy - Rice Channel TV\" \/>\n<meta property=\"og:description\" content=\"Ch\u00e0o m\u1eebng b\u1ea1n \u0111\u1ebfn v\u1edbi RICE Channel. \u0110\u1ec3 \u0111\u1ea3m b\u1ea3o quy\u1ec1n l\u1ee3i c\u1ee7a kh\u00e1ch h\u00e0ng v\u00e0 t\u00ednh minh b\u1ea1ch trong qu\u00e1 tr\u00ecnh mua s\u1eafm, ch\u00fang t\u00f4i xin th\u00f4ng b\u00e1o ch\u00ednh s\u00e1ch v\u1eadn chuy\u1ec3n \u00e1p d\u1ee5ng cho to\u00e0n b\u1ed9 c\u00e1c s\u1ea3n ph\u1ea9m tr\u00ean website nh\u01b0 sau: 1. Th\u1eddi gian x\u1eed l\u00fd \u0111\u01a1n h\u00e0ng M\u1ecdi \u0111\u01a1n h\u00e0ng [&hellip;]\" \/>\n<meta property=\"og:url\" content=\"https:\/\/ricechanneltv.com\/en\/shipping-policy\/\" \/>\n<meta property=\"og:site_name\" content=\"Rice Channel TV\" \/>\n<meta property=\"article:modified_time\" content=\"2026-01-26T04:36:16+00:00\" \/>\n<meta name=\"twitter:card\" content=\"summary_large_image\" \/>\n<meta name=\"twitter:label1\" content=\"Est. reading time\" \/>\n\t<meta name=\"twitter:data1\" content=\"3 minutes\" \/>\n<script type=\"application\/ld+json\" class=\"yoast-schema-graph\">{\"@context\":\"https:\/\/schema.org\",\"@graph\":[{\"@type\":\"WebPage\",\"@id\":\"https:\/\/ricechanneltv.com\/shipping-policy\/\",\"url\":\"https:\/\/ricechanneltv.com\/shipping-policy\/\",\"name\":\"Shipping Policy - Rice Channel TV\",\"isPartOf\":{\"@id\":\"https:\/\/www.ricechanneltv.com\/en\/#website\"},\"datePublished\":\"2026-01-26T04:35:50+00:00\",\"dateModified\":\"2026-01-26T04:36:16+00:00\",\"breadcrumb\":{\"@id\":\"https:\/\/ricechanneltv.com\/shipping-policy\/#breadcrumb\"},\"inLanguage\":\"en-US\",\"potentialAction\":[{\"@type\":\"ReadAction\",\"target\":[\"https:\/\/ricechanneltv.com\/shipping-policy\/\"]}]},{\"@type\":\"BreadcrumbList\",\"@id\":\"https:\/\/ricechanneltv.com\/shipping-policy\/#breadcrumb\",\"itemListElement\":[{\"@type\":\"ListItem\",\"position\":1,\"name\":\"Home\",\"item\":\"https:\/\/ricechanneltv.com\/\"},{\"@type\":\"ListItem\",\"position\":2,\"name\":\"Shipping Policy\"}]},{\"@type\":\"WebSite\",\"@id\":\"https:\/\/www.ricechanneltv.com\/en\/#website\",\"url\":\"https:\/\/www.ricechanneltv.com\/en\/\",\"name\":\"Rice Channel TV\",\"description\":\"\",\"potentialAction\":[{\"@type\":\"SearchAction\",\"target\":{\"@type\":\"EntryPoint\",\"urlTemplate\":\"https:\/\/www.ricechanneltv.com\/en\/?s={search_term_string}\"},\"query-input\":{\"@type\":\"PropertyValueSpecification\",\"valueRequired\":true,\"valueName\":\"search_term_string\"}}],\"inLanguage\":\"en-US\"}]}<\/script>\n<!-- \/ Yoast SEO plugin. -->","yoast_head_json":{"title":"Shipping Policy - Rice Channel TV","robots":{"index":"index","follow":"follow","max-snippet":"max-snippet:-1","max-image-preview":"max-image-preview:large","max-video-preview":"max-video-preview:-1"},"canonical":"https:\/\/ricechanneltv.com\/en\/shipping-policy\/","og_locale":"en_US","og_type":"article","og_title":"Shipping Policy - Rice Channel TV","og_description":"Ch\u00e0o m\u1eebng b\u1ea1n \u0111\u1ebfn v\u1edbi RICE Channel. \u0110\u1ec3 \u0111\u1ea3m b\u1ea3o quy\u1ec1n l\u1ee3i c\u1ee7a kh\u00e1ch h\u00e0ng v\u00e0 t\u00ednh minh b\u1ea1ch trong qu\u00e1 tr\u00ecnh mua s\u1eafm, ch\u00fang t\u00f4i xin th\u00f4ng b\u00e1o ch\u00ednh s\u00e1ch v\u1eadn chuy\u1ec3n \u00e1p d\u1ee5ng cho to\u00e0n b\u1ed9 c\u00e1c s\u1ea3n ph\u1ea9m tr\u00ean website nh\u01b0 sau: 1. Th\u1eddi gian x\u1eed l\u00fd \u0111\u01a1n h\u00e0ng M\u1ecdi \u0111\u01a1n h\u00e0ng [&hellip;]","og_url":"https:\/\/ricechanneltv.com\/en\/shipping-policy\/","og_site_name":"Rice Channel TV","article_modified_time":"2026-01-26T04:36:16+00:00","twitter_card":"summary_large_image","twitter_misc":{"Est. reading time":"3 minutes"},"schema":{"@context":"https:\/\/schema.org","@graph":[{"@type":"WebPage","@id":"https:\/\/ricechanneltv.com\/shipping-policy\/","url":"https:\/\/ricechanneltv.com\/shipping-policy\/","name":"Shipping Policy - Rice Channel TV","isPartOf":{"@id":"https:\/\/www.ricechanneltv.com\/en\/#website"},"datePublished":"2026-01-26T04:35:50+00:00","dateModified":"2026-01-26T04:36:16+00:00","breadcrumb":{"@id":"https:\/\/ricechanneltv.com\/shipping-policy\/#breadcrumb"},"inLanguage":"en-US","potentialAction":[{"@type":"ReadAction","target":["https:\/\/ricechanneltv.com\/shipping-policy\/"]}]},{"@type":"BreadcrumbList","@id":"https:\/\/ricechanneltv.com\/shipping-policy\/#breadcrumb","itemListElement":[{"@type":"ListItem","position":1,"name":"Home","item":"https:\/\/ricechanneltv.com\/"},{"@type":"ListItem","position":2,"name":"Shipping Policy"}]},{"@type":"WebSite","@id":"https:\/\/www.ricechanneltv.com\/en\/#website","url":"https:\/\/www.ricechanneltv.com\/en\/","name":"Rice Channel TV","description":"","potentialAction":[{"@type":"SearchAction","target":{"@type":"EntryPoint","urlTemplate":"https:\/\/www.ricechanneltv.com\/en\/?s={search_term_string}"},"query-input":{"@type":"PropertyValueSpecification","valueRequired":true,"valueName":"search_term_string"}}],"inLanguage":"en-US"}]}},"_links":{"self":[{"href":"https:\/\/ricechanneltv.com\/en\/wp-json\/wp\/v2\/pages\/5552","targetHints":{"allow":["GET"]}}],"collection":[{"href":"https:\/\/ricechanneltv.com\/en\/wp-json\/wp\/v2\/pages"}],"about":[{"href":"https:\/\/ricechanneltv.com\/en\/wp-json\/wp\/v2\/types\/page"}],"author":[{"embeddable":true,"href":"https:\/\/ricechanneltv.com\/en\/wp-json\/wp\/v2\/users\/10"}],"replies":[{"embeddable":true,"href":"https:\/\/ricechanneltv.com\/en\/wp-json\/wp\/v2\/comments?post=5552"}],"version-history":[{"count":2,"href":"https:\/\/ricechanneltv.com\/en\/wp-json\/wp\/v2\/pages\/5552\/revisions"}],"predecessor-version":[{"id":5554,"href":"https:\/\/ricechanneltv.com\/en\/wp-json\/wp\/v2\/pages\/5552\/revisions\/5554"}],"wp:attachment":[{"href":"https:\/\/ricechanneltv.com\/en\/wp-json\/wp\/v2\/media?parent=5552"}],"curies":[{"name":"wp","href":"https:\/\/api.w.org\/{rel}","templated":true}]}}