{"id":5559,"date":"2026-01-26T04:48:44","date_gmt":"2026-01-26T04:48:44","guid":{"rendered":"https:\/\/ricechanneltv.com\/?page_id=5559"},"modified":"2026-01-26T04:48:44","modified_gmt":"2026-01-26T04:48:44","slug":"return-refund-policy","status":"publish","type":"page","link":"https:\/\/ricechanneltv.com\/en\/return-refund-policy\/","title":{"rendered":"Return &#038; Refund Policy"},"content":{"rendered":"<h1 data-path-to-node=\"3\">CH\u00cdNH S\u00c1CH \u0110\u1ed4I TR\u1ea2 &amp; HO\u00c0N TI\u1ec0N<\/h1>\n<p data-path-to-node=\"4\">T\u1ea1i <b data-path-to-node=\"4\" data-index-in-node=\"4\">RICE Channel<\/b>, ch\u00fang t\u00f4i cam k\u1ebft mang \u0111\u1ebfn nh\u1eefng s\u1ea3n ph\u1ea9m ch\u1ea5t l\u01b0\u1ee3ng nh\u1ea5t. N\u1ebfu b\u1ea1n kh\u00f4ng ho\u00e0n to\u00e0n h\u00e0i l\u00f2ng v\u1edbi \u0111\u01a1n h\u00e0ng c\u1ee7a m\u00ecnh, ch\u00fang t\u00f4i s\u1eb5n s\u00e0ng h\u1ed7 tr\u1ee3 theo c\u00e1c \u0111i\u1ec1u kho\u1ea3n d\u01b0\u1edbi \u0111\u00e2y:<\/p>\n<h3 data-path-to-node=\"5\">1. Th\u1eddi h\u1ea1n \u0111\u1ed5i tr\u1ea3<\/h3>\n<ul data-path-to-node=\"6\">\n<li>\n<p data-path-to-node=\"6,0,0\">Kh\u00e1ch h\u00e0ng c\u00f3 quy\u1ec1n y\u00eau c\u1ea7u \u0111\u1ed5i tr\u1ea3 s\u1ea3n ph\u1ea9m trong v\u00f2ng <b data-path-to-node=\"6,0,0\" data-index-in-node=\"56\">[V\u00ed d\u1ee5: 14 ng\u00e0y]<\/b> k\u1ec3 t\u1eeb ng\u00e0y nh\u1eadn \u0111\u01b0\u1ee3c h\u00e0ng (c\u0103n c\u1ee9 theo d\u1ea5u b\u01b0u \u0111i\u1ec7n ho\u1eb7c th\u1eddi gian x\u00e1c nh\u1eadn c\u1ee7a \u0111\u01a1n v\u1ecb v\u1eadn chuy\u1ec3n).<\/p>\n<\/li>\n<\/ul>\n<h3 data-path-to-node=\"7\">2. \u0110i\u1ec1u ki\u1ec7n \u00e1p d\u1ee5ng \u0111\u1ed5i tr\u1ea3<\/h3>\n<p data-path-to-node=\"8\">S\u1ea3n ph\u1ea9m ch\u1ec9 \u0111\u01b0\u1ee3c ch\u1ea5p nh\u1eadn \u0111\u1ed5i tr\u1ea3 khi th\u1ecfa m\u00e3n c\u00e1c \u0111i\u1ec1u ki\u1ec7n sau:<\/p>\n<ul data-path-to-node=\"9\">\n<li>\n<p data-path-to-node=\"9,0,0\"><b data-path-to-node=\"9,0,0\" data-index-in-node=\"0\">S\u1ea3n ph\u1ea9m v\u1eadt l\u00fd (Merch):<\/b> C\u00f2n nguy\u00ean v\u1eb9n, ch\u01b0a qua s\u1eed d\u1ee5ng, ch\u01b0a gi\u1eb7t \u1ee7i, c\u00f2n \u0111\u1ea7y \u0111\u1ee7 tem m\u00e1c v\u00e0 bao b\u00ec g\u1ed1c.<\/p>\n<\/li>\n<li>\n<p data-path-to-node=\"9,1,0\"><b data-path-to-node=\"9,1,0\" data-index-in-node=\"0\">L\u1ed7i t\u1eeb nh\u00e0 s\u1ea3n xu\u1ea5t:<\/b> S\u1ea3n ph\u1ea9m b\u1ecb r\u00e1ch, in l\u1ed7i, h\u01b0 h\u1ecfng v\u1eadt l\u00fd ho\u1eb7c g\u1eedi sai m\u1eabu m\u00e3 so v\u1edbi \u0111\u01a1n h\u00e0ng \u0111\u00e3 \u0111\u1eb7t.<\/p>\n<\/li>\n<\/ul>\n<h3 data-path-to-node=\"10\">3. Quy tr\u00ecnh ho\u00e0n ti\u1ec1n<\/h3>\n<ul data-path-to-node=\"11\">\n<li>\n<p data-path-to-node=\"11,0,0\">Sau khi nh\u1eadn \u0111\u01b0\u1ee3c s\u1ea3n ph\u1ea9m tr\u1ea3 v\u1ec1, ch\u00fang t\u00f4i s\u1ebd ki\u1ec3m tra t\u00ecnh tr\u1ea1ng h\u00e0ng h\u00f3a v\u00e0 th\u00f4ng b\u00e1o k\u1ebft qu\u1ea3 cho b\u1ea1n trong v\u00f2ng <b data-path-to-node=\"11,0,0\" data-index-in-node=\"117\">[V\u00ed d\u1ee5: 03 ng\u00e0y]<\/b> l\u00e0m vi\u1ec7c.<\/p>\n<\/li>\n<li>\n<p data-path-to-node=\"11,1,0\">N\u1ebfu y\u00eau c\u1ea7u ho\u00e0n ti\u1ec1n \u0111\u01b0\u1ee3c ph\u00ea duy\u1ec7t, ti\u1ec1n s\u1ebd \u0111\u01b0\u1ee3c chuy\u1ec3n tr\u1ea3 v\u00e0o <b data-path-to-node=\"11,1,0\" data-index-in-node=\"66\">[Ph\u01b0\u01a1ng th\u1ee9c: T\u00e0i kho\u1ea3n ng\u00e2n h\u00e0ng c\u1ee7a b\u1ea1n \/ V\u00ed \u0111i\u1ec7n t\u1eed]<\/b> trong v\u00f2ng <b data-path-to-node=\"11,1,0\" data-index-in-node=\"133\">[V\u00ed d\u1ee5: 5-7 ng\u00e0y]<\/b> t\u00f9y thu\u1ed9c v\u00e0o ng\u00e2n h\u00e0ng th\u1ee5 h\u01b0\u1edfng.<\/p>\n<\/li>\n<\/ul>\n<h3 data-path-to-node=\"12\">4. Chi ph\u00ed v\u1eadn chuy\u1ec3n \u0111\u1ed5i tr\u1ea3<\/h3>\n<ul data-path-to-node=\"13\">\n<li>\n<p data-path-to-node=\"13,0,0\"><b data-path-to-node=\"13,0,0\" data-index-in-node=\"0\">L\u1ed7i t\u1eeb ph\u00eda RICE Channel (Giao sai, h\u00e0ng l\u1ed7i):<\/b> Ch\u00fang t\u00f4i s\u1ebd ch\u1ecbu 100% ph\u00ed v\u1eadn chuy\u1ec3n thu h\u1ed3i v\u00e0 g\u1eedi l\u1ea1i s\u1ea3n ph\u1ea9m m\u1edbi cho b\u1ea1n.<\/p>\n<\/li>\n<li>\n<p data-path-to-node=\"13,1,0\"><b data-path-to-node=\"13,1,0\" data-index-in-node=\"0\">L\u1ed7i t\u1eeb ph\u00eda Kh\u00e1ch h\u00e0ng (\u0110\u1ed5i \u00fd, ch\u1ecdn nh\u1ea7m size\/m\u1eabu):<\/b> Qu\u00fd kh\u00e1ch vui l\u00f2ng thanh to\u00e1n chi ph\u00ed v\u1eadn chuy\u1ec3n 2 chi\u1ec1u (ph\u00ed tr\u1ea3 h\u00e0ng v\u00e0 ph\u00ed g\u1eedi l\u1ea1i h\u00e0ng m\u1edbi).<\/p>\n<\/li>\n<\/ul>\n<h3 data-path-to-node=\"14\">5. C\u00e1c tr\u01b0\u1eddng h\u1ee3p kh\u00f4ng \u0111\u01b0\u1ee3c \u0111\u1ed5i tr\u1ea3<\/h3>\n<ul data-path-to-node=\"15\">\n<li>\n<p data-path-to-node=\"15,0,0\">S\u1ea3n ph\u1ea9m \u0111\u00e3 qua s\u1eed d\u1ee5ng, m\u1ea5t tem m\u00e1c ho\u1eb7c b\u1ecb h\u01b0 h\u1ecfng do t\u00e1c \u0111\u1ed9ng t\u1eeb ph\u00eda kh\u00e1ch h\u00e0ng.<\/p>\n<\/li>\n<li>\n<p data-path-to-node=\"15,1,0\">C\u00e1c s\u1ea3n ph\u1ea9m thu\u1ed9c ch\u01b0\u01a1ng tr\u00ecnh khuy\u1ebfn m\u00e3i &#8220;X\u1ea3 h\u00e0ng&#8221; ho\u1eb7c &#8220;Gi\u1ea3m gi\u00e1 cu\u1ed1i m\u00f9a&#8221; (\u0111\u00e3 \u0111\u01b0\u1ee3c th\u00f4ng b\u00e1o kh\u00f4ng \u0111\u1ed5i tr\u1ea3 khi mua).<\/p>\n<\/li>\n<li>\n<p data-path-to-node=\"15,2,0\">Qu\u00e1 th\u1eddi h\u1ea1n quy \u0111\u1ecbnh l\u00e0 3\u00a0k\u1ec3 t\u1eeb ng\u00e0y nh\u1eadn h\u00e0ng.<\/p>\n<\/li>\n<\/ul>\n<hr data-path-to-node=\"16\" \/>\n<p data-path-to-node=\"17\"><b data-path-to-node=\"17\" data-index-in-node=\"0\">Th\u00f4ng tin li\u00ean h\u1ec7 x\u1eed l\u00fd \u0111\u1ed5i tr\u1ea3:<\/b><\/p>\n<ul data-path-to-node=\"18\">\n<li>\n<p data-path-to-node=\"18,0,0\"><b data-path-to-node=\"18,0,0\" data-index-in-node=\"0\">Hotline:<\/b> 0817001124<\/p>\n<\/li>\n<li>\n<p data-path-to-node=\"18,1,0\"><b data-path-to-node=\"18,1,0\" data-index-in-node=\"0\">Email:<\/b> hanhnguyen@riceandpartners.com<\/p>\n<\/li>\n<li>\n<p data-path-to-node=\"18,2,0\"><b data-path-to-node=\"18,2,0\" data-index-in-node=\"0\">\u0110\u1ecba ch\u1ec9 nh\u1eadn h\u00e0ng tr\u1ea3:<\/b> S\u1ed1 02.07, 02.08, 02.09 T\u1ea7ng 2, kh\u1ed1i \u0111\u1ebf, th\u00e1p 2, The Sun Avenue, 28 Mai Ch\u00ed Th\u1ecd, Ph\u01b0\u1eddng B\u00ecnh Tr\u01b0ng, Th\u00e0nh ph\u1ed1 H\u1ed3 Ch\u00ed Minh, Vi\u1ec7t Nam<\/p>\n<\/li>\n<\/ul>","protected":false},"excerpt":{"rendered":"<p>CH\u00cdNH S\u00c1CH \u0110\u1ed4I TR\u1ea2 &amp; HO\u00c0N TI\u1ec0N T\u1ea1i RICE Channel, ch\u00fang t\u00f4i cam k\u1ebft mang \u0111\u1ebfn nh\u1eefng s\u1ea3n ph\u1ea9m ch\u1ea5t l\u01b0\u1ee3ng nh\u1ea5t. N\u1ebfu b\u1ea1n kh\u00f4ng ho\u00e0n to\u00e0n h\u00e0i l\u00f2ng v\u1edbi \u0111\u01a1n h\u00e0ng c\u1ee7a m\u00ecnh, ch\u00fang t\u00f4i s\u1eb5n s\u00e0ng h\u1ed7 tr\u1ee3 theo c\u00e1c \u0111i\u1ec1u kho\u1ea3n d\u01b0\u1edbi \u0111\u00e2y: 1. Th\u1eddi h\u1ea1n \u0111\u1ed5i tr\u1ea3 Kh\u00e1ch h\u00e0ng c\u00f3 quy\u1ec1n [&hellip;]<\/p>","protected":false},"author":10,"featured_media":0,"parent":0,"menu_order":0,"comment_status":"closed","ping_status":"closed","template":"","meta":{"footnotes":""},"class_list":["post-5559","page","type-page","status-publish","hentry"],"yoast_head":"<!-- This site is optimized with the Yoast SEO plugin v24.9 - https:\/\/yoast.com\/wordpress\/plugins\/seo\/ -->\n<title>Return &amp; Refund Policy - Rice Channel TV<\/title>\n<meta name=\"robots\" content=\"index, follow, max-snippet:-1, max-image-preview:large, max-video-preview:-1\" \/>\n<link rel=\"canonical\" href=\"https:\/\/ricechanneltv.com\/en\/return-refund-policy\/\" \/>\n<meta property=\"og:locale\" content=\"en_US\" \/>\n<meta property=\"og:type\" content=\"article\" \/>\n<meta property=\"og:title\" content=\"Return &amp; Refund Policy - Rice Channel TV\" \/>\n<meta property=\"og:description\" content=\"CH\u00cdNH S\u00c1CH \u0110\u1ed4I TR\u1ea2 &amp; HO\u00c0N TI\u1ec0N T\u1ea1i RICE Channel, ch\u00fang t\u00f4i cam k\u1ebft mang \u0111\u1ebfn nh\u1eefng s\u1ea3n ph\u1ea9m ch\u1ea5t l\u01b0\u1ee3ng nh\u1ea5t. N\u1ebfu b\u1ea1n kh\u00f4ng ho\u00e0n to\u00e0n h\u00e0i l\u00f2ng v\u1edbi \u0111\u01a1n h\u00e0ng c\u1ee7a m\u00ecnh, ch\u00fang t\u00f4i s\u1eb5n s\u00e0ng h\u1ed7 tr\u1ee3 theo c\u00e1c \u0111i\u1ec1u kho\u1ea3n d\u01b0\u1edbi \u0111\u00e2y: 1. Th\u1eddi h\u1ea1n \u0111\u1ed5i tr\u1ea3 Kh\u00e1ch h\u00e0ng c\u00f3 quy\u1ec1n [&hellip;]\" \/>\n<meta property=\"og:url\" content=\"https:\/\/ricechanneltv.com\/en\/return-refund-policy\/\" \/>\n<meta property=\"og:site_name\" content=\"Rice Channel TV\" \/>\n<meta name=\"twitter:card\" content=\"summary_large_image\" \/>\n<meta name=\"twitter:label1\" content=\"Est. reading time\" \/>\n\t<meta name=\"twitter:data1\" content=\"2 minutes\" \/>\n<script type=\"application\/ld+json\" class=\"yoast-schema-graph\">{\"@context\":\"https:\/\/schema.org\",\"@graph\":[{\"@type\":\"WebPage\",\"@id\":\"https:\/\/ricechanneltv.com\/return-refund-policy\/\",\"url\":\"https:\/\/ricechanneltv.com\/return-refund-policy\/\",\"name\":\"Return & Refund Policy - Rice Channel TV\",\"isPartOf\":{\"@id\":\"https:\/\/www.ricechanneltv.com\/en\/#website\"},\"datePublished\":\"2026-01-26T04:48:44+00:00\",\"breadcrumb\":{\"@id\":\"https:\/\/ricechanneltv.com\/return-refund-policy\/#breadcrumb\"},\"inLanguage\":\"en-US\",\"potentialAction\":[{\"@type\":\"ReadAction\",\"target\":[\"https:\/\/ricechanneltv.com\/return-refund-policy\/\"]}]},{\"@type\":\"BreadcrumbList\",\"@id\":\"https:\/\/ricechanneltv.com\/return-refund-policy\/#breadcrumb\",\"itemListElement\":[{\"@type\":\"ListItem\",\"position\":1,\"name\":\"Home\",\"item\":\"https:\/\/ricechanneltv.com\/\"},{\"@type\":\"ListItem\",\"position\":2,\"name\":\"Return &#038; Refund Policy\"}]},{\"@type\":\"WebSite\",\"@id\":\"https:\/\/www.ricechanneltv.com\/en\/#website\",\"url\":\"https:\/\/www.ricechanneltv.com\/en\/\",\"name\":\"Rice Channel TV\",\"description\":\"\",\"potentialAction\":[{\"@type\":\"SearchAction\",\"target\":{\"@type\":\"EntryPoint\",\"urlTemplate\":\"https:\/\/www.ricechanneltv.com\/en\/?s={search_term_string}\"},\"query-input\":{\"@type\":\"PropertyValueSpecification\",\"valueRequired\":true,\"valueName\":\"search_term_string\"}}],\"inLanguage\":\"en-US\"}]}<\/script>\n<!-- \/ Yoast SEO plugin. -->","yoast_head_json":{"title":"Return & Refund Policy - Rice Channel TV","robots":{"index":"index","follow":"follow","max-snippet":"max-snippet:-1","max-image-preview":"max-image-preview:large","max-video-preview":"max-video-preview:-1"},"canonical":"https:\/\/ricechanneltv.com\/en\/return-refund-policy\/","og_locale":"en_US","og_type":"article","og_title":"Return & Refund Policy - Rice Channel TV","og_description":"CH\u00cdNH S\u00c1CH \u0110\u1ed4I TR\u1ea2 &amp; HO\u00c0N TI\u1ec0N T\u1ea1i RICE Channel, ch\u00fang t\u00f4i cam k\u1ebft mang \u0111\u1ebfn nh\u1eefng s\u1ea3n ph\u1ea9m ch\u1ea5t l\u01b0\u1ee3ng nh\u1ea5t. N\u1ebfu b\u1ea1n kh\u00f4ng ho\u00e0n to\u00e0n h\u00e0i l\u00f2ng v\u1edbi \u0111\u01a1n h\u00e0ng c\u1ee7a m\u00ecnh, ch\u00fang t\u00f4i s\u1eb5n s\u00e0ng h\u1ed7 tr\u1ee3 theo c\u00e1c \u0111i\u1ec1u kho\u1ea3n d\u01b0\u1edbi \u0111\u00e2y: 1. Th\u1eddi h\u1ea1n \u0111\u1ed5i tr\u1ea3 Kh\u00e1ch h\u00e0ng c\u00f3 quy\u1ec1n [&hellip;]","og_url":"https:\/\/ricechanneltv.com\/en\/return-refund-policy\/","og_site_name":"Rice Channel TV","twitter_card":"summary_large_image","twitter_misc":{"Est. reading time":"2 minutes"},"schema":{"@context":"https:\/\/schema.org","@graph":[{"@type":"WebPage","@id":"https:\/\/ricechanneltv.com\/return-refund-policy\/","url":"https:\/\/ricechanneltv.com\/return-refund-policy\/","name":"Return & Refund Policy - Rice Channel TV","isPartOf":{"@id":"https:\/\/www.ricechanneltv.com\/en\/#website"},"datePublished":"2026-01-26T04:48:44+00:00","breadcrumb":{"@id":"https:\/\/ricechanneltv.com\/return-refund-policy\/#breadcrumb"},"inLanguage":"en-US","potentialAction":[{"@type":"ReadAction","target":["https:\/\/ricechanneltv.com\/return-refund-policy\/"]}]},{"@type":"BreadcrumbList","@id":"https:\/\/ricechanneltv.com\/return-refund-policy\/#breadcrumb","itemListElement":[{"@type":"ListItem","position":1,"name":"Home","item":"https:\/\/ricechanneltv.com\/"},{"@type":"ListItem","position":2,"name":"Return &#038; Refund Policy"}]},{"@type":"WebSite","@id":"https:\/\/www.ricechanneltv.com\/en\/#website","url":"https:\/\/www.ricechanneltv.com\/en\/","name":"Rice Channel TV","description":"","potentialAction":[{"@type":"SearchAction","target":{"@type":"EntryPoint","urlTemplate":"https:\/\/www.ricechanneltv.com\/en\/?s={search_term_string}"},"query-input":{"@type":"PropertyValueSpecification","valueRequired":true,"valueName":"search_term_string"}}],"inLanguage":"en-US"}]}},"_links":{"self":[{"href":"https:\/\/ricechanneltv.com\/en\/wp-json\/wp\/v2\/pages\/5559","targetHints":{"allow":["GET"]}}],"collection":[{"href":"https:\/\/ricechanneltv.com\/en\/wp-json\/wp\/v2\/pages"}],"about":[{"href":"https:\/\/ricechanneltv.com\/en\/wp-json\/wp\/v2\/types\/page"}],"author":[{"embeddable":true,"href":"https:\/\/ricechanneltv.com\/en\/wp-json\/wp\/v2\/users\/10"}],"replies":[{"embeddable":true,"href":"https:\/\/ricechanneltv.com\/en\/wp-json\/wp\/v2\/comments?post=5559"}],"version-history":[{"count":1,"href":"https:\/\/ricechanneltv.com\/en\/wp-json\/wp\/v2\/pages\/5559\/revisions"}],"predecessor-version":[{"id":5560,"href":"https:\/\/ricechanneltv.com\/en\/wp-json\/wp\/v2\/pages\/5559\/revisions\/5560"}],"wp:attachment":[{"href":"https:\/\/ricechanneltv.com\/en\/wp-json\/wp\/v2\/media?parent=5559"}],"curies":[{"name":"wp","href":"https:\/\/api.w.org\/{rel}","templated":true}]}}