{"id":3798,"date":"2025-03-17T16:15:03","date_gmt":"2025-03-17T16:15:03","guid":{"rendered":"https:\/\/www.ricechanneltv.com\/?post_type=product&#038;p=3798"},"modified":"2025-12-24T07:40:08","modified_gmt":"2025-12-24T07:40:08","slug":"good-take-one-more-t-shirt","status":"publish","type":"product","link":"https:\/\/ricechanneltv.com\/en\/product\/good-take-one-more-t-shirt\/","title":{"rendered":"&#8220;Good Take, One More&#8221; T-Shirt"},"content":{"rendered":"<p data-path-to-node=\"14\"><em>Inspired by the high-energy atmosphere of a film set, the \u201cGood Take\u201d artwork is an exclusive design that deeply reflects RICE's creative identity. The standout highlight is the premium Hologram-printed \u201cONE MORE\u201d text. This sophisticated detail features color-shifting properties that shimmer according to the light and viewing angle, creating a unique and striking visual impact in every frame.<br \/>\n<\/em><\/p>\n<h3 data-path-to-node=\"14\">Th\u00f4ng tin s\u1ea3n ph\u1ea9m<\/h3>\n<p><a href=\"https:\/\/ricechanneltv.com\/wp-content\/uploads\/2025\/03\/1.webp\"><img fetchpriority=\"high\" decoding=\"async\" class=\"aligncenter size-full wp-image-5484\" src=\"https:\/\/ricechanneltv.com\/wp-content\/uploads\/2025\/03\/1.webp\" alt=\"\" width=\"760\" height=\"450\" \/><\/a><\/p>\n<p><a href=\"https:\/\/ricechanneltv.com\/wp-content\/uploads\/2025\/03\/arrow-1.webp\"><img decoding=\"async\" class=\"aligncenter size-full wp-image-5488\" src=\"https:\/\/ricechanneltv.com\/wp-content\/uploads\/2025\/03\/arrow-1.webp\" alt=\"\" width=\"760\" height=\"450\" \/><\/a><\/p>\n<p><b>Substantial fabric, maximum breathability:<\/b> The product utilizes a specially treated synthetic cotton blend to achieve a perfect balance of aesthetics and function, resulting in a substantial, structured fabric that holds its shape perfectly and effectively resists wrinkles. Most notably, this material possesses impressive moisture-wicking capabilities, ensuring an exceptionally breathable and comfortable experience throughout a long day of activity without any sense of stuffiness.<\/p>\n<p><a href=\"https:\/\/ricechanneltv.com\/wp-content\/uploads\/2025\/03\/good-take-one-more-t-shirt-4.webp\"><img decoding=\"async\" class=\"aligncenter size-full wp-image-5514\" src=\"https:\/\/ricechanneltv.com\/wp-content\/uploads\/2025\/03\/good-take-one-more-t-shirt-4.webp\" alt=\"\" width=\"800\" height=\"800\" \/><\/a><\/p>\n<p data-path-to-node=\"5\">\n<p data-path-to-node=\"5\"><b>Superior Durability &amp; Form Retention<\/b> A standout feature of the product is its superior shape retention over time, with a firm guarantee against shrinking or sagging even after machine washing. The fitted crewneck is meticulously reinforced with an ideal width and a subtle, sophisticated fit, ensuring the overall garment remains neat, polished, and perfectly structured to enhance your silhouette.<\/p>\n<p data-path-to-node=\"5\"><a href=\"https:\/\/ricechanneltv.com\/wp-content\/uploads\/2025\/03\/good-take-one-more-t-shirt-3.webp\"><img loading=\"lazy\" decoding=\"async\" class=\"aligncenter size-full wp-image-5513\" src=\"https:\/\/ricechanneltv.com\/wp-content\/uploads\/2025\/03\/good-take-one-more-t-shirt-3.webp\" alt=\"\" width=\"800\" height=\"800\" \/><\/a><\/p>\n<p data-path-to-node=\"5\">\n<p>&nbsp;<\/p>\n<p data-path-to-node=\"5\">","protected":false},"excerpt":{"rendered":"<ul>\n<li data-path-to-node=\"1\"><b>Exclusive Design:<\/b> The \"Good Take\" graphic from the RICE team boasts a cinematic vibe, highlighted by a stunningly artistic and prominent reflective Hologram text.<\/li>\n<li data-path-to-node=\"2\"><b>2-in-1 Material:<\/b> Features a specially treated synthetic Cotton blend\u2014ensuring a substantial, structured fit while offering superior moisture-wicking for all-day freshness.<\/li>\n<li data-path-to-node=\"3\"><b>Maximum Durability:<\/b> Guaranteed no shrinking or stretching after washing. The fitted crewneck stays snug and maintains its perfect shape over time.<\/li>\n<\/ul>","protected":false},"featured_media":5515,"comment_status":"open","ping_status":"closed","template":"","meta":[],"product_brand":[],"product_cat":[41],"product_tag":[43],"class_list":{"0":"post-3798","1":"product","2":"type-product","3":"status-publish","4":"has-post-thumbnail","6":"product_cat-apparel","7":"product_tag-good-take-one-more","8":"pa_size-large","9":"pa_size-medium","10":"pa_size-small","12":"first","13":"instock","14":"taxable","15":"shipping-taxable","16":"purchasable","17":"product-type-variable"},"yoast_head":"<!-- This site is optimized with the Yoast SEO plugin v24.9 - https:\/\/yoast.com\/wordpress\/plugins\/seo\/ -->\n<title>&quot;Good Take, One More&quot; T-Shirt - Rice Channel TV<\/title>\n<meta name=\"robots\" content=\"index, follow, max-snippet:-1, max-image-preview:large, max-video-preview:-1\" \/>\n<link rel=\"canonical\" href=\"https:\/\/ricechanneltv.com\/en\/product\/good-take-one-more-t-shirt\/\" \/>\n<meta property=\"og:locale\" content=\"en_US\" \/>\n<meta property=\"og:type\" content=\"article\" \/>\n<meta property=\"og:title\" content=\"&quot;Good Take, One More&quot; T-Shirt - Rice Channel TV\" \/>\n<meta property=\"og:description\" content=\"Thi\u1ebft k\u1ebf \u0111\u1ed9c quy\u1ec1n: Graphic &quot;Good Take&quot; \u0111\u1eadm ch\u1ea5t \u0111i\u1ec7n \u1ea3nh t\u1eeb team RICE, \u0111i\u1ec3m nh\u1ea5n l\u00e0 d\u00f2ng ch\u1eef Hologram ph\u1ea3n quang c\u1ef1c &quot;ngh\u1ec7&quot; v\u00e0 n\u1ed5i b\u1eadt.  Ch\u1ea5t li\u1ec7u 2-trong-1: S\u1eed d\u1ee5ng v\u1ea3i Cotton t\u1ed5ng h\u1ee3p \u0111\u01b0\u1ee3c x\u1eed l\u00fd \u0111\u1eb7c bi\u1ec7t \u2013 v\u1eeba \u0111\u1ea3m b\u1ea3o \u0111\u1ed9 d\u00e0y d\u1eb7n, \u0111\u1ee9ng form, v\u1eeba c\u00f3 kh\u1ea3 n\u0103ng th\u1ea5m h\u00fat m\u1ed3 h\u00f4i c\u1ef1c t\u1ed1t, m\u1eb7c c\u1ea3 ng\u00e0y v\u1eabn tho\u00e1ng m\u00e1t.  \u0110\u1ed9 b\u1ec1n t\u1ed1i \u01b0u: Cam k\u1ebft kh\u00f4ng co r\u00fat hay bai d\u00e3o sau khi gi\u1eb7t. C\u1ed5 \u00e1o bo tr\u00f2n v\u1eeba v\u1eb7n, gi\u1eef d\u00e1ng chu\u1ea9n qua th\u1eddi gian.\" \/>\n<meta property=\"og:url\" content=\"https:\/\/ricechanneltv.com\/en\/product\/good-take-one-more-t-shirt\/\" \/>\n<meta property=\"og:site_name\" content=\"Rice Channel TV\" \/>\n<meta property=\"article:modified_time\" content=\"2025-12-24T07:40:08+00:00\" \/>\n<meta property=\"og:image\" content=\"https:\/\/ricechanneltv.com\/wp-content\/uploads\/2025\/03\/good-take-one-more-t-shirt-5.webp\" \/>\n\t<meta property=\"og:image:width\" content=\"800\" \/>\n\t<meta property=\"og:image:height\" content=\"800\" \/>\n\t<meta property=\"og:image:type\" content=\"image\/webp\" \/>\n<meta name=\"twitter:card\" content=\"summary_large_image\" \/>\n<meta name=\"twitter:label1\" content=\"Est. reading time\" \/>\n\t<meta name=\"twitter:data1\" content=\"3 minutes\" \/>\n<script type=\"application\/ld+json\" class=\"yoast-schema-graph\">{\"@context\":\"https:\/\/schema.org\",\"@graph\":[{\"@type\":\"WebPage\",\"@id\":\"https:\/\/ricechanneltv.com\/product\/good-take-one-more-t-shirt\/\",\"url\":\"https:\/\/ricechanneltv.com\/product\/good-take-one-more-t-shirt\/\",\"name\":\"\\\"Good Take, One More\\\" T-Shirt - Rice Channel TV\",\"isPartOf\":{\"@id\":\"https:\/\/www.ricechanneltv.com\/en\/#website\"},\"primaryImageOfPage\":{\"@id\":\"https:\/\/ricechanneltv.com\/product\/good-take-one-more-t-shirt\/#primaryimage\"},\"image\":{\"@id\":\"https:\/\/ricechanneltv.com\/product\/good-take-one-more-t-shirt\/#primaryimage\"},\"thumbnailUrl\":\"https:\/\/ricechanneltv.com\/wp-content\/uploads\/2025\/03\/good-take-one-more-t-shirt-5.webp\",\"datePublished\":\"2025-03-17T16:15:03+00:00\",\"dateModified\":\"2025-12-24T07:40:08+00:00\",\"breadcrumb\":{\"@id\":\"https:\/\/ricechanneltv.com\/product\/good-take-one-more-t-shirt\/#breadcrumb\"},\"inLanguage\":\"en-US\",\"potentialAction\":[{\"@type\":\"ReadAction\",\"target\":[\"https:\/\/ricechanneltv.com\/product\/good-take-one-more-t-shirt\/\"]}]},{\"@type\":\"ImageObject\",\"inLanguage\":\"en-US\",\"@id\":\"https:\/\/ricechanneltv.com\/product\/good-take-one-more-t-shirt\/#primaryimage\",\"url\":\"https:\/\/ricechanneltv.com\/wp-content\/uploads\/2025\/03\/good-take-one-more-t-shirt-5.webp\",\"contentUrl\":\"https:\/\/ricechanneltv.com\/wp-content\/uploads\/2025\/03\/good-take-one-more-t-shirt-5.webp\",\"width\":800,\"height\":800},{\"@type\":\"BreadcrumbList\",\"@id\":\"https:\/\/ricechanneltv.com\/product\/good-take-one-more-t-shirt\/#breadcrumb\",\"itemListElement\":[{\"@type\":\"ListItem\",\"position\":1,\"name\":\"Home\",\"item\":\"https:\/\/ricechanneltv.com\/\"},{\"@type\":\"ListItem\",\"position\":2,\"name\":\"Shop\",\"item\":\"https:\/\/www.ricechanneltv.com\/shop-2\/\"},{\"@type\":\"ListItem\",\"position\":3,\"name\":\"&#8220;Good Take, One More&#8221; T-Shirt\"}]},{\"@type\":\"WebSite\",\"@id\":\"https:\/\/www.ricechanneltv.com\/en\/#website\",\"url\":\"https:\/\/www.ricechanneltv.com\/en\/\",\"name\":\"Rice Channel TV\",\"description\":\"\",\"potentialAction\":[{\"@type\":\"SearchAction\",\"target\":{\"@type\":\"EntryPoint\",\"urlTemplate\":\"https:\/\/www.ricechanneltv.com\/en\/?s={search_term_string}\"},\"query-input\":{\"@type\":\"PropertyValueSpecification\",\"valueRequired\":true,\"valueName\":\"search_term_string\"}}],\"inLanguage\":\"en-US\"}]}<\/script>\n<!-- \/ Yoast SEO plugin. -->","yoast_head_json":{"title":"\"Good Take, One More\" T-Shirt - Rice Channel TV","robots":{"index":"index","follow":"follow","max-snippet":"max-snippet:-1","max-image-preview":"max-image-preview:large","max-video-preview":"max-video-preview:-1"},"canonical":"https:\/\/ricechanneltv.com\/en\/product\/good-take-one-more-t-shirt\/","og_locale":"en_US","og_type":"article","og_title":"\"Good Take, One More\" T-Shirt - Rice Channel TV","og_description":"Thi\u1ebft k\u1ebf \u0111\u1ed9c quy\u1ec1n: Graphic \"Good Take\" \u0111\u1eadm ch\u1ea5t \u0111i\u1ec7n \u1ea3nh t\u1eeb team RICE, \u0111i\u1ec3m nh\u1ea5n l\u00e0 d\u00f2ng ch\u1eef Hologram ph\u1ea3n quang c\u1ef1c \"ngh\u1ec7\" v\u00e0 n\u1ed5i b\u1eadt.  Ch\u1ea5t li\u1ec7u 2-trong-1: S\u1eed d\u1ee5ng v\u1ea3i Cotton t\u1ed5ng h\u1ee3p \u0111\u01b0\u1ee3c x\u1eed l\u00fd \u0111\u1eb7c bi\u1ec7t \u2013 v\u1eeba \u0111\u1ea3m b\u1ea3o \u0111\u1ed9 d\u00e0y d\u1eb7n, \u0111\u1ee9ng form, v\u1eeba c\u00f3 kh\u1ea3 n\u0103ng th\u1ea5m h\u00fat m\u1ed3 h\u00f4i c\u1ef1c t\u1ed1t, m\u1eb7c c\u1ea3 ng\u00e0y v\u1eabn tho\u00e1ng m\u00e1t.  \u0110\u1ed9 b\u1ec1n t\u1ed1i \u01b0u: Cam k\u1ebft kh\u00f4ng co r\u00fat hay bai d\u00e3o sau khi gi\u1eb7t. C\u1ed5 \u00e1o bo tr\u00f2n v\u1eeba v\u1eb7n, gi\u1eef d\u00e1ng chu\u1ea9n qua th\u1eddi gian.","og_url":"https:\/\/ricechanneltv.com\/en\/product\/good-take-one-more-t-shirt\/","og_site_name":"Rice Channel TV","article_modified_time":"2025-12-24T07:40:08+00:00","og_image":[{"width":800,"height":800,"url":"https:\/\/ricechanneltv.com\/wp-content\/uploads\/2025\/03\/good-take-one-more-t-shirt-5.webp","type":"image\/webp"}],"twitter_card":"summary_large_image","twitter_misc":{"Est. reading time":"3 minutes"},"schema":{"@context":"https:\/\/schema.org","@graph":[{"@type":"WebPage","@id":"https:\/\/ricechanneltv.com\/product\/good-take-one-more-t-shirt\/","url":"https:\/\/ricechanneltv.com\/product\/good-take-one-more-t-shirt\/","name":"\"Good Take, One More\" T-Shirt - Rice Channel TV","isPartOf":{"@id":"https:\/\/www.ricechanneltv.com\/en\/#website"},"primaryImageOfPage":{"@id":"https:\/\/ricechanneltv.com\/product\/good-take-one-more-t-shirt\/#primaryimage"},"image":{"@id":"https:\/\/ricechanneltv.com\/product\/good-take-one-more-t-shirt\/#primaryimage"},"thumbnailUrl":"https:\/\/ricechanneltv.com\/wp-content\/uploads\/2025\/03\/good-take-one-more-t-shirt-5.webp","datePublished":"2025-03-17T16:15:03+00:00","dateModified":"2025-12-24T07:40:08+00:00","breadcrumb":{"@id":"https:\/\/ricechanneltv.com\/product\/good-take-one-more-t-shirt\/#breadcrumb"},"inLanguage":"en-US","potentialAction":[{"@type":"ReadAction","target":["https:\/\/ricechanneltv.com\/product\/good-take-one-more-t-shirt\/"]}]},{"@type":"ImageObject","inLanguage":"en-US","@id":"https:\/\/ricechanneltv.com\/product\/good-take-one-more-t-shirt\/#primaryimage","url":"https:\/\/ricechanneltv.com\/wp-content\/uploads\/2025\/03\/good-take-one-more-t-shirt-5.webp","contentUrl":"https:\/\/ricechanneltv.com\/wp-content\/uploads\/2025\/03\/good-take-one-more-t-shirt-5.webp","width":800,"height":800},{"@type":"BreadcrumbList","@id":"https:\/\/ricechanneltv.com\/product\/good-take-one-more-t-shirt\/#breadcrumb","itemListElement":[{"@type":"ListItem","position":1,"name":"Home","item":"https:\/\/ricechanneltv.com\/"},{"@type":"ListItem","position":2,"name":"Shop","item":"https:\/\/www.ricechanneltv.com\/shop-2\/"},{"@type":"ListItem","position":3,"name":"&#8220;Good Take, One More&#8221; T-Shirt"}]},{"@type":"WebSite","@id":"https:\/\/www.ricechanneltv.com\/en\/#website","url":"https:\/\/www.ricechanneltv.com\/en\/","name":"Rice Channel TV","description":"","potentialAction":[{"@type":"SearchAction","target":{"@type":"EntryPoint","urlTemplate":"https:\/\/www.ricechanneltv.com\/en\/?s={search_term_string}"},"query-input":{"@type":"PropertyValueSpecification","valueRequired":true,"valueName":"search_term_string"}}],"inLanguage":"en-US"}]}},"_links":{"self":[{"href":"https:\/\/ricechanneltv.com\/en\/wp-json\/wp\/v2\/product\/3798","targetHints":{"allow":["GET"]}}],"collection":[{"href":"https:\/\/ricechanneltv.com\/en\/wp-json\/wp\/v2\/product"}],"about":[{"href":"https:\/\/ricechanneltv.com\/en\/wp-json\/wp\/v2\/types\/product"}],"replies":[{"embeddable":true,"href":"https:\/\/ricechanneltv.com\/en\/wp-json\/wp\/v2\/comments?post=3798"}],"version-history":[{"count":3,"href":"https:\/\/ricechanneltv.com\/en\/wp-json\/wp\/v2\/product\/3798\/revisions"}],"predecessor-version":[{"id":5519,"href":"https:\/\/ricechanneltv.com\/en\/wp-json\/wp\/v2\/product\/3798\/revisions\/5519"}],"wp:featuredmedia":[{"embeddable":true,"href":"https:\/\/ricechanneltv.com\/en\/wp-json\/wp\/v2\/media\/5515"}],"wp:attachment":[{"href":"https:\/\/ricechanneltv.com\/en\/wp-json\/wp\/v2\/media?parent=3798"}],"wp:term":[{"taxonomy":"product_brand","embeddable":true,"href":"https:\/\/ricechanneltv.com\/en\/wp-json\/wp\/v2\/product_brand?post=3798"},{"taxonomy":"product_cat","embeddable":true,"href":"https:\/\/ricechanneltv.com\/en\/wp-json\/wp\/v2\/product_cat?post=3798"},{"taxonomy":"product_tag","embeddable":true,"href":"https:\/\/ricechanneltv.com\/en\/wp-json\/wp\/v2\/product_tag?post=3798"}],"curies":[{"name":"wp","href":"https:\/\/api.w.org\/{rel}","templated":true}]}}