{"id":3802,"date":"2025-03-17T16:15:03","date_gmt":"2025-03-17T16:15:03","guid":{"rendered":"https:\/\/www.ricechanneltv.com\/?post_type=product&#038;p=3802"},"modified":"2025-12-23T09:12:45","modified_gmt":"2025-12-23T09:12:45","slug":"all-of-these-for-30-seconds-t-shirt","status":"publish","type":"product","link":"https:\/\/ricechanneltv.com\/en\/product\/all-of-these-for-30-seconds-t-shirt\/","title":{"rendered":"&#8220;All of these for 30 seconds!&#8221; T-Shirt"},"content":{"rendered":"<p>Behind every 30 seconds of screen glory lies hours of silent hustle. The back graphic features minimalist line-art, authentically depicting the creator lugging a 'warehouse' of bulky equipment on their shoulders. An exclusive design from RICE\u2014not just a shirt, but a proud manifesto for industry insiders.<\/p>\n<p><a href=\"https:\/\/ricechanneltv.com\/wp-content\/uploads\/2025\/03\/30-seconds-t-shirt-1.webp\"><img fetchpriority=\"high\" decoding=\"async\" class=\"aligncenter size-full wp-image-5506\" src=\"https:\/\/ricechanneltv.com\/wp-content\/uploads\/2025\/03\/30-seconds-t-shirt-1.webp\" alt=\"\" width=\"800\" height=\"800\" \/><\/a><\/p>\n<ul>\n<li>2-in-1 Material (Specially Treated): The perfect balance between Aesthetics and Function. We utilize a high-tech synthetic Cotton blend:<\/li>\n<li>Substantial &amp; Structured: Keeps the shirt crisp and well-formed while effectively concealing imperfections.<\/li>\n<li>Breathable: Rapid moisture-wicking ensures the body stays dry and cool, even during heavy lifting or constant movement under the hot sun.<\/li>\n<\/ul>\n<p>Durability &amp; Silhouette (Fitted Crewneck): The Fitted Crewneck detail is designed to withstand the test of time. Guaranteed no sagging or shrinking even after multiple machine washes. The shirt will always maintain its polished form, just like the first day you wore it.<\/p>\n<p><a href=\"https:\/\/ricechanneltv.com\/wp-content\/uploads\/2025\/03\/arrow-1.webp\"><img decoding=\"async\" class=\"aligncenter size-full wp-image-5488\" src=\"https:\/\/ricechanneltv.com\/wp-content\/uploads\/2025\/03\/arrow-1.webp\" alt=\"\" width=\"760\" height=\"450\" \/><\/a><\/p>","protected":false},"excerpt":{"rendered":"<ul>\n<li data-path-to-node=\"1\"><strong>Exclusively designed by RICE:<\/strong> The artwork features minimalist line art on a black fabric background, authentically depicting the behind-the-scenes reality: hauling a 'mountain' of equipment just for 30 seconds of screen time.<\/li>\n<li data-path-to-node=\"1\"><strong>2-in-1 Material:<\/strong> Specially treated cotton blend: Structured fabric that holds its shape + superior sweat absorption for all-day freshness.<\/li>\n<li data-path-to-node=\"1\"><strong>Maximum Durability:<\/strong> Guaranteed to maintain its shape without shrinking or sagging after washing. The fitted crewneck is meticulously reinforced to ensure a lasting, perfect fit over time.<\/li>\n<\/ul>","protected":false},"featured_media":5510,"comment_status":"open","ping_status":"closed","template":"","meta":[],"product_brand":[],"product_cat":[41],"product_tag":[],"class_list":{"0":"post-3802","1":"product","2":"type-product","3":"status-publish","4":"has-post-thumbnail","6":"product_cat-apparel","8":"first","9":"instock","10":"taxable","11":"shipping-taxable","12":"purchasable","13":"product-type-simple"},"yoast_head":"<!-- This site is optimized with the Yoast SEO plugin v24.9 - https:\/\/yoast.com\/wordpress\/plugins\/seo\/ -->\n<title>&quot;All of these for 30 seconds!&quot; T-Shirt - Rice Channel TV<\/title>\n<meta name=\"robots\" content=\"index, follow, max-snippet:-1, max-image-preview:large, max-video-preview:-1\" \/>\n<link rel=\"canonical\" href=\"https:\/\/ricechanneltv.com\/en\/product\/all-of-these-for-30-seconds-t-shirt\/\" \/>\n<meta property=\"og:locale\" content=\"en_US\" \/>\n<meta property=\"og:type\" content=\"article\" \/>\n<meta property=\"og:title\" content=\"&quot;All of these for 30 seconds!&quot; T-Shirt - Rice Channel TV\" \/>\n<meta property=\"og:description\" content=\"Thi\u1ebft k\u1ebf \u0111\u1ed9c quy\u1ec1n t\u1eeb RICE: Artwork s\u1eed d\u1ee5ng n\u00e9t v\u1ebd line art t\u1ed1i gi\u1ea3n tr\u00ean n\u1ec1n v\u1ea3i \u0111en, kh\u1eafc h\u1ecda ch\u00e2n th\u1ef1c c\u00e2u chuy\u1ec7n h\u1eadu tr\u01b0\u1eddng: g\u1ed3ng g\u00e1nh c\u1ea3 &quot;n\u00fai&quot; thi\u1ebft b\u1ecb ch\u1ec9 \u0111\u1ec3 \u0111\u1ed5i l\u1ea5y 30 gi\u00e2y t\u1ecfa s\u00e1ng tr\u00ean m\u00e0n h\u00ecnh.  Ch\u1ea5t li\u1ec7u 2-trong-1: S\u1eed d\u1ee5ng v\u1ea3i Cotton t\u1ed5ng h\u1ee3p \u0111\u01b0\u1ee3c x\u1eed l\u00fd \u0111\u1eb7c bi\u1ec7t \u2013 v\u1eeba d\u00e0y d\u1eb7n gi\u00fap \u00e1o \u0111\u1ee9ng form, v\u1eeba th\u1ea5m h\u00fat m\u1ed3 h\u00f4i c\u1ef1c t\u1ed1t, \u0111\u1ea3m b\u1ea3o tho\u00e1ng m\u00e1t su\u1ed1t ng\u00e0y d\u00e0i.  \u0110\u1ed9 b\u1ec1n t\u1ed1i \u01b0u: Cam k\u1ebft form \u00e1o kh\u00f4ng co r\u00fat hay bai d\u00e3o sau khi gi\u1eb7t. C\u1ed5 tr\u00f2n (fitted crewneck) \u0111\u01b0\u1ee3c may bo k\u1ef9 l\u01b0\u1ee1ng, gi\u1eef d\u00e1ng chu\u1ea9n b\u1ec1n b\u1ec9 theo th\u1eddi gian.\" \/>\n<meta property=\"og:url\" content=\"https:\/\/ricechanneltv.com\/en\/product\/all-of-these-for-30-seconds-t-shirt\/\" \/>\n<meta property=\"og:site_name\" content=\"Rice Channel TV\" \/>\n<meta property=\"article:modified_time\" content=\"2025-12-23T09:12:45+00:00\" \/>\n<meta property=\"og:image\" content=\"https:\/\/ricechanneltv.com\/wp-content\/uploads\/2025\/03\/30-seconds-t-shirt-6.webp\" \/>\n\t<meta property=\"og:image:width\" content=\"800\" \/>\n\t<meta property=\"og:image:height\" content=\"800\" \/>\n\t<meta property=\"og:image:type\" content=\"image\/webp\" \/>\n<meta name=\"twitter:card\" content=\"summary_large_image\" \/>\n<meta name=\"twitter:label1\" content=\"Est. reading time\" \/>\n\t<meta name=\"twitter:data1\" content=\"2 minutes\" \/>\n<script type=\"application\/ld+json\" class=\"yoast-schema-graph\">{\"@context\":\"https:\/\/schema.org\",\"@graph\":[{\"@type\":\"WebPage\",\"@id\":\"https:\/\/ricechanneltv.com\/product\/all-of-these-for-30-seconds-t-shirt\/\",\"url\":\"https:\/\/ricechanneltv.com\/product\/all-of-these-for-30-seconds-t-shirt\/\",\"name\":\"\\\"All of these for 30 seconds!\\\" T-Shirt - Rice Channel TV\",\"isPartOf\":{\"@id\":\"https:\/\/www.ricechanneltv.com\/en\/#website\"},\"primaryImageOfPage\":{\"@id\":\"https:\/\/ricechanneltv.com\/product\/all-of-these-for-30-seconds-t-shirt\/#primaryimage\"},\"image\":{\"@id\":\"https:\/\/ricechanneltv.com\/product\/all-of-these-for-30-seconds-t-shirt\/#primaryimage\"},\"thumbnailUrl\":\"https:\/\/ricechanneltv.com\/wp-content\/uploads\/2025\/03\/30-seconds-t-shirt-6.webp\",\"datePublished\":\"2025-03-17T16:15:03+00:00\",\"dateModified\":\"2025-12-23T09:12:45+00:00\",\"breadcrumb\":{\"@id\":\"https:\/\/ricechanneltv.com\/product\/all-of-these-for-30-seconds-t-shirt\/#breadcrumb\"},\"inLanguage\":\"en-US\",\"potentialAction\":[{\"@type\":\"ReadAction\",\"target\":[\"https:\/\/ricechanneltv.com\/product\/all-of-these-for-30-seconds-t-shirt\/\"]}]},{\"@type\":\"ImageObject\",\"inLanguage\":\"en-US\",\"@id\":\"https:\/\/ricechanneltv.com\/product\/all-of-these-for-30-seconds-t-shirt\/#primaryimage\",\"url\":\"https:\/\/ricechanneltv.com\/wp-content\/uploads\/2025\/03\/30-seconds-t-shirt-6.webp\",\"contentUrl\":\"https:\/\/ricechanneltv.com\/wp-content\/uploads\/2025\/03\/30-seconds-t-shirt-6.webp\",\"width\":800,\"height\":800},{\"@type\":\"BreadcrumbList\",\"@id\":\"https:\/\/ricechanneltv.com\/product\/all-of-these-for-30-seconds-t-shirt\/#breadcrumb\",\"itemListElement\":[{\"@type\":\"ListItem\",\"position\":1,\"name\":\"Home\",\"item\":\"https:\/\/ricechanneltv.com\/\"},{\"@type\":\"ListItem\",\"position\":2,\"name\":\"Shop\",\"item\":\"https:\/\/www.ricechanneltv.com\/shop-2\/\"},{\"@type\":\"ListItem\",\"position\":3,\"name\":\"&#8220;All of these for 30 seconds!&#8221; T-Shirt\"}]},{\"@type\":\"WebSite\",\"@id\":\"https:\/\/www.ricechanneltv.com\/en\/#website\",\"url\":\"https:\/\/www.ricechanneltv.com\/en\/\",\"name\":\"Rice Channel TV\",\"description\":\"\",\"potentialAction\":[{\"@type\":\"SearchAction\",\"target\":{\"@type\":\"EntryPoint\",\"urlTemplate\":\"https:\/\/www.ricechanneltv.com\/en\/?s={search_term_string}\"},\"query-input\":{\"@type\":\"PropertyValueSpecification\",\"valueRequired\":true,\"valueName\":\"search_term_string\"}}],\"inLanguage\":\"en-US\"}]}<\/script>\n<!-- \/ Yoast SEO plugin. -->","yoast_head_json":{"title":"\"All of these for 30 seconds!\" T-Shirt - Rice Channel TV","robots":{"index":"index","follow":"follow","max-snippet":"max-snippet:-1","max-image-preview":"max-image-preview:large","max-video-preview":"max-video-preview:-1"},"canonical":"https:\/\/ricechanneltv.com\/en\/product\/all-of-these-for-30-seconds-t-shirt\/","og_locale":"en_US","og_type":"article","og_title":"\"All of these for 30 seconds!\" T-Shirt - Rice Channel TV","og_description":"Thi\u1ebft k\u1ebf \u0111\u1ed9c quy\u1ec1n t\u1eeb RICE: Artwork s\u1eed d\u1ee5ng n\u00e9t v\u1ebd line art t\u1ed1i gi\u1ea3n tr\u00ean n\u1ec1n v\u1ea3i \u0111en, kh\u1eafc h\u1ecda ch\u00e2n th\u1ef1c c\u00e2u chuy\u1ec7n h\u1eadu tr\u01b0\u1eddng: g\u1ed3ng g\u00e1nh c\u1ea3 \"n\u00fai\" thi\u1ebft b\u1ecb ch\u1ec9 \u0111\u1ec3 \u0111\u1ed5i l\u1ea5y 30 gi\u00e2y t\u1ecfa s\u00e1ng tr\u00ean m\u00e0n h\u00ecnh.  Ch\u1ea5t li\u1ec7u 2-trong-1: S\u1eed d\u1ee5ng v\u1ea3i Cotton t\u1ed5ng h\u1ee3p \u0111\u01b0\u1ee3c x\u1eed l\u00fd \u0111\u1eb7c bi\u1ec7t \u2013 v\u1eeba d\u00e0y d\u1eb7n gi\u00fap \u00e1o \u0111\u1ee9ng form, v\u1eeba th\u1ea5m h\u00fat m\u1ed3 h\u00f4i c\u1ef1c t\u1ed1t, \u0111\u1ea3m b\u1ea3o tho\u00e1ng m\u00e1t su\u1ed1t ng\u00e0y d\u00e0i.  \u0110\u1ed9 b\u1ec1n t\u1ed1i \u01b0u: Cam k\u1ebft form \u00e1o kh\u00f4ng co r\u00fat hay bai d\u00e3o sau khi gi\u1eb7t. C\u1ed5 tr\u00f2n (fitted crewneck) \u0111\u01b0\u1ee3c may bo k\u1ef9 l\u01b0\u1ee1ng, gi\u1eef d\u00e1ng chu\u1ea9n b\u1ec1n b\u1ec9 theo th\u1eddi gian.","og_url":"https:\/\/ricechanneltv.com\/en\/product\/all-of-these-for-30-seconds-t-shirt\/","og_site_name":"Rice Channel TV","article_modified_time":"2025-12-23T09:12:45+00:00","og_image":[{"width":800,"height":800,"url":"https:\/\/ricechanneltv.com\/wp-content\/uploads\/2025\/03\/30-seconds-t-shirt-6.webp","type":"image\/webp"}],"twitter_card":"summary_large_image","twitter_misc":{"Est. reading time":"2 minutes"},"schema":{"@context":"https:\/\/schema.org","@graph":[{"@type":"WebPage","@id":"https:\/\/ricechanneltv.com\/product\/all-of-these-for-30-seconds-t-shirt\/","url":"https:\/\/ricechanneltv.com\/product\/all-of-these-for-30-seconds-t-shirt\/","name":"\"All of these for 30 seconds!\" T-Shirt - Rice Channel TV","isPartOf":{"@id":"https:\/\/www.ricechanneltv.com\/en\/#website"},"primaryImageOfPage":{"@id":"https:\/\/ricechanneltv.com\/product\/all-of-these-for-30-seconds-t-shirt\/#primaryimage"},"image":{"@id":"https:\/\/ricechanneltv.com\/product\/all-of-these-for-30-seconds-t-shirt\/#primaryimage"},"thumbnailUrl":"https:\/\/ricechanneltv.com\/wp-content\/uploads\/2025\/03\/30-seconds-t-shirt-6.webp","datePublished":"2025-03-17T16:15:03+00:00","dateModified":"2025-12-23T09:12:45+00:00","breadcrumb":{"@id":"https:\/\/ricechanneltv.com\/product\/all-of-these-for-30-seconds-t-shirt\/#breadcrumb"},"inLanguage":"en-US","potentialAction":[{"@type":"ReadAction","target":["https:\/\/ricechanneltv.com\/product\/all-of-these-for-30-seconds-t-shirt\/"]}]},{"@type":"ImageObject","inLanguage":"en-US","@id":"https:\/\/ricechanneltv.com\/product\/all-of-these-for-30-seconds-t-shirt\/#primaryimage","url":"https:\/\/ricechanneltv.com\/wp-content\/uploads\/2025\/03\/30-seconds-t-shirt-6.webp","contentUrl":"https:\/\/ricechanneltv.com\/wp-content\/uploads\/2025\/03\/30-seconds-t-shirt-6.webp","width":800,"height":800},{"@type":"BreadcrumbList","@id":"https:\/\/ricechanneltv.com\/product\/all-of-these-for-30-seconds-t-shirt\/#breadcrumb","itemListElement":[{"@type":"ListItem","position":1,"name":"Home","item":"https:\/\/ricechanneltv.com\/"},{"@type":"ListItem","position":2,"name":"Shop","item":"https:\/\/www.ricechanneltv.com\/shop-2\/"},{"@type":"ListItem","position":3,"name":"&#8220;All of these for 30 seconds!&#8221; T-Shirt"}]},{"@type":"WebSite","@id":"https:\/\/www.ricechanneltv.com\/en\/#website","url":"https:\/\/www.ricechanneltv.com\/en\/","name":"Rice Channel TV","description":"","potentialAction":[{"@type":"SearchAction","target":{"@type":"EntryPoint","urlTemplate":"https:\/\/www.ricechanneltv.com\/en\/?s={search_term_string}"},"query-input":{"@type":"PropertyValueSpecification","valueRequired":true,"valueName":"search_term_string"}}],"inLanguage":"en-US"}]}},"_links":{"self":[{"href":"https:\/\/ricechanneltv.com\/en\/wp-json\/wp\/v2\/product\/3802","targetHints":{"allow":["GET"]}}],"collection":[{"href":"https:\/\/ricechanneltv.com\/en\/wp-json\/wp\/v2\/product"}],"about":[{"href":"https:\/\/ricechanneltv.com\/en\/wp-json\/wp\/v2\/types\/product"}],"replies":[{"embeddable":true,"href":"https:\/\/ricechanneltv.com\/en\/wp-json\/wp\/v2\/comments?post=3802"}],"version-history":[{"count":2,"href":"https:\/\/ricechanneltv.com\/en\/wp-json\/wp\/v2\/product\/3802\/revisions"}],"predecessor-version":[{"id":5512,"href":"https:\/\/ricechanneltv.com\/en\/wp-json\/wp\/v2\/product\/3802\/revisions\/5512"}],"wp:featuredmedia":[{"embeddable":true,"href":"https:\/\/ricechanneltv.com\/en\/wp-json\/wp\/v2\/media\/5510"}],"wp:attachment":[{"href":"https:\/\/ricechanneltv.com\/en\/wp-json\/wp\/v2\/media?parent=3802"}],"wp:term":[{"taxonomy":"product_brand","embeddable":true,"href":"https:\/\/ricechanneltv.com\/en\/wp-json\/wp\/v2\/product_brand?post=3802"},{"taxonomy":"product_cat","embeddable":true,"href":"https:\/\/ricechanneltv.com\/en\/wp-json\/wp\/v2\/product_cat?post=3802"},{"taxonomy":"product_tag","embeddable":true,"href":"https:\/\/ricechanneltv.com\/en\/wp-json\/wp\/v2\/product_tag?post=3802"}],"curies":[{"name":"wp","href":"https:\/\/api.w.org\/{rel}","templated":true}]}}