{"id":3804,"date":"2025-03-17T16:15:03","date_gmt":"2025-03-17T16:15:03","guid":{"rendered":"https:\/\/www.ricechanneltv.com\/?post_type=product&#038;p=3804"},"modified":"2025-12-25T09:41:22","modified_gmt":"2025-12-25T09:41:22","slug":"mirror-mirror-t-shirt","status":"publish","type":"product","link":"https:\/\/ricechanneltv.com\/en\/product\/mirror-mirror-t-shirt\/","title":{"rendered":"&#8220;Mirror, mirror&#8221; T-Shirt"},"content":{"rendered":"<h3 data-path-to-node=\"14\">Th\u00f4ng tin s\u1ea3n ph\u1ea9m<\/h3>\n<p><a href=\"https:\/\/ricechanneltv.com\/wp-content\/uploads\/2025\/03\/mirror-mirror-t-shirt-1.webp\"><img fetchpriority=\"high\" decoding=\"async\" class=\"aligncenter size-full wp-image-5524\" src=\"https:\/\/ricechanneltv.com\/wp-content\/uploads\/2025\/03\/mirror-mirror-t-shirt-1.webp\" alt=\"\" width=\"800\" height=\"800\" \/><\/a><\/p>\n<p><b>Substantial fabric, maximum breathability:<\/b> The product utilizes a specially treated synthetic cotton blend to achieve a perfect balance of aesthetics and function, resulting in a substantial, structured fabric that holds its shape perfectly and effectively resists wrinkles. Most notably, this material possesses impressive moisture-wicking capabilities, ensuring an exceptionally breathable and comfortable experience throughout a long day of activity without any sense of stuffiness.<\/p>\n<p><a href=\"https:\/\/ricechanneltv.com\/wp-content\/uploads\/2025\/03\/mirror-t-shirt-2.webp\"><img decoding=\"async\" class=\"aligncenter size-full wp-image-5521\" src=\"https:\/\/ricechanneltv.com\/wp-content\/uploads\/2025\/03\/mirror-t-shirt-2.webp\" alt=\"\" width=\"800\" height=\"800\" \/><\/a><\/p>\n<p><a href=\"https:\/\/ricechanneltv.com\/wp-content\/uploads\/2025\/03\/arrow-1.webp\"><img decoding=\"async\" class=\"aligncenter size-full wp-image-5488\" src=\"https:\/\/ricechanneltv.com\/wp-content\/uploads\/2025\/03\/arrow-1.webp\" alt=\"\" width=\"760\" height=\"450\" \/><\/a><\/p>","protected":false},"excerpt":{"rendered":"<ul>\n<li data-path-to-node=\"1\"><strong>2-in-1 Material:<\/strong>\u00a0Specially treated cotton blend: Structured fabric that holds its shape + superior sweat absorption for all-day freshness.<\/li>\n<li data-path-to-node=\"1\"><strong>Maximum Durability:<\/strong>\u00a0Guaranteed to maintain its shape without shrinking or sagging after washing. The fitted crewneck is meticulously reinforced to ensure a lasting, perfect fit over time.<\/li>\n<\/ul>","protected":false},"featured_media":5522,"comment_status":"open","ping_status":"closed","template":"","meta":[],"product_brand":[],"product_cat":[41],"product_tag":[],"class_list":{"0":"post-3804","1":"product","2":"type-product","3":"status-publish","4":"has-post-thumbnail","6":"product_cat-apparel","8":"first","9":"instock","10":"taxable","11":"shipping-taxable","12":"purchasable","13":"product-type-simple"},"yoast_head":"<!-- This site is optimized with the Yoast SEO plugin v24.9 - https:\/\/yoast.com\/wordpress\/plugins\/seo\/ -->\n<title>&quot;Mirror, mirror&quot; T-Shirt - Rice Channel TV<\/title>\n<meta name=\"robots\" content=\"index, follow, max-snippet:-1, max-image-preview:large, max-video-preview:-1\" \/>\n<link rel=\"canonical\" href=\"https:\/\/ricechanneltv.com\/en\/product\/mirror-mirror-t-shirt\/\" \/>\n<meta property=\"og:locale\" content=\"en_US\" \/>\n<meta property=\"og:type\" content=\"article\" \/>\n<meta property=\"og:title\" content=\"&quot;Mirror, mirror&quot; T-Shirt - Rice Channel TV\" \/>\n<meta property=\"og:description\" content=\"Ch\u1ea5t li\u1ec7u 2-trong-1:\u00a0S\u1eed d\u1ee5ng v\u1ea3i Cotton t\u1ed5ng h\u1ee3p \u0111\u01b0\u1ee3c x\u1eed l\u00fd \u0111\u1eb7c bi\u1ec7t \u2013 v\u1eeba d\u00e0y d\u1eb7n gi\u00fap \u00e1o \u0111\u1ee9ng form, v\u1eeba th\u1ea5m h\u00fat m\u1ed3 h\u00f4i c\u1ef1c t\u1ed1t, \u0111\u1ea3m b\u1ea3o tho\u00e1ng m\u00e1t su\u1ed1t ng\u00e0y d\u00e0i.  \u0110\u1ed9 b\u1ec1n t\u1ed1i \u01b0u:\u00a0Cam k\u1ebft form \u00e1o kh\u00f4ng co r\u00fat hay bai d\u00e3o sau khi gi\u1eb7t. C\u1ed5 tr\u00f2n (fitted crewneck) \u0111\u01b0\u1ee3c may bo k\u1ef9 l\u01b0\u1ee1ng, gi\u1eef d\u00e1ng chu\u1ea9n b\u1ec1n b\u1ec9 theo th\u1eddi gian.\" \/>\n<meta property=\"og:url\" content=\"https:\/\/ricechanneltv.com\/en\/product\/mirror-mirror-t-shirt\/\" \/>\n<meta property=\"og:site_name\" content=\"Rice Channel TV\" \/>\n<meta property=\"article:modified_time\" content=\"2025-12-25T09:41:22+00:00\" \/>\n<meta property=\"og:image\" content=\"https:\/\/ricechanneltv.com\/wp-content\/uploads\/2025\/03\/mirror-t-shirt-3.webp\" \/>\n\t<meta property=\"og:image:width\" content=\"800\" \/>\n\t<meta property=\"og:image:height\" content=\"800\" \/>\n\t<meta property=\"og:image:type\" content=\"image\/webp\" \/>\n<meta name=\"twitter:card\" content=\"summary_large_image\" \/>\n<meta name=\"twitter:label1\" content=\"Est. reading time\" \/>\n\t<meta name=\"twitter:data1\" content=\"2 minutes\" \/>\n<script type=\"application\/ld+json\" class=\"yoast-schema-graph\">{\"@context\":\"https:\/\/schema.org\",\"@graph\":[{\"@type\":\"WebPage\",\"@id\":\"https:\/\/ricechanneltv.com\/product\/mirror-mirror-t-shirt\/\",\"url\":\"https:\/\/ricechanneltv.com\/product\/mirror-mirror-t-shirt\/\",\"name\":\"\\\"Mirror, mirror\\\" T-Shirt - Rice Channel TV\",\"isPartOf\":{\"@id\":\"https:\/\/www.ricechanneltv.com\/en\/#website\"},\"primaryImageOfPage\":{\"@id\":\"https:\/\/ricechanneltv.com\/product\/mirror-mirror-t-shirt\/#primaryimage\"},\"image\":{\"@id\":\"https:\/\/ricechanneltv.com\/product\/mirror-mirror-t-shirt\/#primaryimage\"},\"thumbnailUrl\":\"https:\/\/ricechanneltv.com\/wp-content\/uploads\/2025\/03\/mirror-t-shirt-3.webp\",\"datePublished\":\"2025-03-17T16:15:03+00:00\",\"dateModified\":\"2025-12-25T09:41:22+00:00\",\"breadcrumb\":{\"@id\":\"https:\/\/ricechanneltv.com\/product\/mirror-mirror-t-shirt\/#breadcrumb\"},\"inLanguage\":\"en-US\",\"potentialAction\":[{\"@type\":\"ReadAction\",\"target\":[\"https:\/\/ricechanneltv.com\/product\/mirror-mirror-t-shirt\/\"]}]},{\"@type\":\"ImageObject\",\"inLanguage\":\"en-US\",\"@id\":\"https:\/\/ricechanneltv.com\/product\/mirror-mirror-t-shirt\/#primaryimage\",\"url\":\"https:\/\/ricechanneltv.com\/wp-content\/uploads\/2025\/03\/mirror-t-shirt-3.webp\",\"contentUrl\":\"https:\/\/ricechanneltv.com\/wp-content\/uploads\/2025\/03\/mirror-t-shirt-3.webp\",\"width\":800,\"height\":800},{\"@type\":\"BreadcrumbList\",\"@id\":\"https:\/\/ricechanneltv.com\/product\/mirror-mirror-t-shirt\/#breadcrumb\",\"itemListElement\":[{\"@type\":\"ListItem\",\"position\":1,\"name\":\"Home\",\"item\":\"https:\/\/ricechanneltv.com\/\"},{\"@type\":\"ListItem\",\"position\":2,\"name\":\"Shop\",\"item\":\"https:\/\/www.ricechanneltv.com\/shop-2\/\"},{\"@type\":\"ListItem\",\"position\":3,\"name\":\"&#8220;Mirror, mirror&#8221; T-Shirt\"}]},{\"@type\":\"WebSite\",\"@id\":\"https:\/\/www.ricechanneltv.com\/en\/#website\",\"url\":\"https:\/\/www.ricechanneltv.com\/en\/\",\"name\":\"Rice Channel TV\",\"description\":\"\",\"potentialAction\":[{\"@type\":\"SearchAction\",\"target\":{\"@type\":\"EntryPoint\",\"urlTemplate\":\"https:\/\/www.ricechanneltv.com\/en\/?s={search_term_string}\"},\"query-input\":{\"@type\":\"PropertyValueSpecification\",\"valueRequired\":true,\"valueName\":\"search_term_string\"}}],\"inLanguage\":\"en-US\"}]}<\/script>\n<!-- \/ Yoast SEO plugin. -->","yoast_head_json":{"title":"\"Mirror, mirror\" T-Shirt - Rice Channel TV","robots":{"index":"index","follow":"follow","max-snippet":"max-snippet:-1","max-image-preview":"max-image-preview:large","max-video-preview":"max-video-preview:-1"},"canonical":"https:\/\/ricechanneltv.com\/en\/product\/mirror-mirror-t-shirt\/","og_locale":"en_US","og_type":"article","og_title":"\"Mirror, mirror\" T-Shirt - Rice Channel TV","og_description":"Ch\u1ea5t li\u1ec7u 2-trong-1:\u00a0S\u1eed d\u1ee5ng v\u1ea3i Cotton t\u1ed5ng h\u1ee3p \u0111\u01b0\u1ee3c x\u1eed l\u00fd \u0111\u1eb7c bi\u1ec7t \u2013 v\u1eeba d\u00e0y d\u1eb7n gi\u00fap \u00e1o \u0111\u1ee9ng form, v\u1eeba th\u1ea5m h\u00fat m\u1ed3 h\u00f4i c\u1ef1c t\u1ed1t, \u0111\u1ea3m b\u1ea3o tho\u00e1ng m\u00e1t su\u1ed1t ng\u00e0y d\u00e0i.  \u0110\u1ed9 b\u1ec1n t\u1ed1i \u01b0u:\u00a0Cam k\u1ebft form \u00e1o kh\u00f4ng co r\u00fat hay bai d\u00e3o sau khi gi\u1eb7t. C\u1ed5 tr\u00f2n (fitted crewneck) \u0111\u01b0\u1ee3c may bo k\u1ef9 l\u01b0\u1ee1ng, gi\u1eef d\u00e1ng chu\u1ea9n b\u1ec1n b\u1ec9 theo th\u1eddi gian.","og_url":"https:\/\/ricechanneltv.com\/en\/product\/mirror-mirror-t-shirt\/","og_site_name":"Rice Channel TV","article_modified_time":"2025-12-25T09:41:22+00:00","og_image":[{"width":800,"height":800,"url":"https:\/\/ricechanneltv.com\/wp-content\/uploads\/2025\/03\/mirror-t-shirt-3.webp","type":"image\/webp"}],"twitter_card":"summary_large_image","twitter_misc":{"Est. reading time":"2 minutes"},"schema":{"@context":"https:\/\/schema.org","@graph":[{"@type":"WebPage","@id":"https:\/\/ricechanneltv.com\/product\/mirror-mirror-t-shirt\/","url":"https:\/\/ricechanneltv.com\/product\/mirror-mirror-t-shirt\/","name":"\"Mirror, mirror\" T-Shirt - Rice Channel TV","isPartOf":{"@id":"https:\/\/www.ricechanneltv.com\/en\/#website"},"primaryImageOfPage":{"@id":"https:\/\/ricechanneltv.com\/product\/mirror-mirror-t-shirt\/#primaryimage"},"image":{"@id":"https:\/\/ricechanneltv.com\/product\/mirror-mirror-t-shirt\/#primaryimage"},"thumbnailUrl":"https:\/\/ricechanneltv.com\/wp-content\/uploads\/2025\/03\/mirror-t-shirt-3.webp","datePublished":"2025-03-17T16:15:03+00:00","dateModified":"2025-12-25T09:41:22+00:00","breadcrumb":{"@id":"https:\/\/ricechanneltv.com\/product\/mirror-mirror-t-shirt\/#breadcrumb"},"inLanguage":"en-US","potentialAction":[{"@type":"ReadAction","target":["https:\/\/ricechanneltv.com\/product\/mirror-mirror-t-shirt\/"]}]},{"@type":"ImageObject","inLanguage":"en-US","@id":"https:\/\/ricechanneltv.com\/product\/mirror-mirror-t-shirt\/#primaryimage","url":"https:\/\/ricechanneltv.com\/wp-content\/uploads\/2025\/03\/mirror-t-shirt-3.webp","contentUrl":"https:\/\/ricechanneltv.com\/wp-content\/uploads\/2025\/03\/mirror-t-shirt-3.webp","width":800,"height":800},{"@type":"BreadcrumbList","@id":"https:\/\/ricechanneltv.com\/product\/mirror-mirror-t-shirt\/#breadcrumb","itemListElement":[{"@type":"ListItem","position":1,"name":"Home","item":"https:\/\/ricechanneltv.com\/"},{"@type":"ListItem","position":2,"name":"Shop","item":"https:\/\/www.ricechanneltv.com\/shop-2\/"},{"@type":"ListItem","position":3,"name":"&#8220;Mirror, mirror&#8221; T-Shirt"}]},{"@type":"WebSite","@id":"https:\/\/www.ricechanneltv.com\/en\/#website","url":"https:\/\/www.ricechanneltv.com\/en\/","name":"Rice Channel TV","description":"","potentialAction":[{"@type":"SearchAction","target":{"@type":"EntryPoint","urlTemplate":"https:\/\/www.ricechanneltv.com\/en\/?s={search_term_string}"},"query-input":{"@type":"PropertyValueSpecification","valueRequired":true,"valueName":"search_term_string"}}],"inLanguage":"en-US"}]}},"_links":{"self":[{"href":"https:\/\/ricechanneltv.com\/en\/wp-json\/wp\/v2\/product\/3804","targetHints":{"allow":["GET"]}}],"collection":[{"href":"https:\/\/ricechanneltv.com\/en\/wp-json\/wp\/v2\/product"}],"about":[{"href":"https:\/\/ricechanneltv.com\/en\/wp-json\/wp\/v2\/types\/product"}],"replies":[{"embeddable":true,"href":"https:\/\/ricechanneltv.com\/en\/wp-json\/wp\/v2\/comments?post=3804"}],"version-history":[{"count":3,"href":"https:\/\/ricechanneltv.com\/en\/wp-json\/wp\/v2\/product\/3804\/revisions"}],"predecessor-version":[{"id":5526,"href":"https:\/\/ricechanneltv.com\/en\/wp-json\/wp\/v2\/product\/3804\/revisions\/5526"}],"wp:featuredmedia":[{"embeddable":true,"href":"https:\/\/ricechanneltv.com\/en\/wp-json\/wp\/v2\/media\/5522"}],"wp:attachment":[{"href":"https:\/\/ricechanneltv.com\/en\/wp-json\/wp\/v2\/media?parent=3804"}],"wp:term":[{"taxonomy":"product_brand","embeddable":true,"href":"https:\/\/ricechanneltv.com\/en\/wp-json\/wp\/v2\/product_brand?post=3804"},{"taxonomy":"product_cat","embeddable":true,"href":"https:\/\/ricechanneltv.com\/en\/wp-json\/wp\/v2\/product_cat?post=3804"},{"taxonomy":"product_tag","embeddable":true,"href":"https:\/\/ricechanneltv.com\/en\/wp-json\/wp\/v2\/product_tag?post=3804"}],"curies":[{"name":"wp","href":"https:\/\/api.w.org\/{rel}","templated":true}]}}